{"id":34264,"date":"2020-11-18T09:59:41","date_gmt":"2020-11-18T07:59:41","guid":{"rendered":"https:\/\/sail-ingreece.com\/who-is-sail-in-greece\/"},"modified":"2025-10-29T15:54:33","modified_gmt":"2025-10-29T13:54:33","slug":"who-is-sail-in-greece","status":"publish","type":"page","link":"https:\/\/sail-ingreece.com\/it\/chi-e-sail-in-greece","title":{"rendered":"CHI \u00c8 SAIL IN GREECE"},"content":{"rendered":"\t\t<div data-elementor-type=\"wp-page\" data-elementor-id=\"34264\" class=\"elementor elementor-34264 elementor-34261\" data-elementor-post-type=\"page\">\n\t\t\t\t\t\t<section class=\"elementor-section elementor-top-section elementor-element elementor-element-38edf79 elementor-section-full_width elementor-section-height-min-height elementor-section-items-stretch elementor-section-stretched elementor-section-height-default\" data-id=\"38edf79\" data-element_type=\"section\" data-e-type=\"section\" data-settings=\"{&quot;background_background&quot;:&quot;classic&quot;,&quot;stretch_section&quot;:&quot;section-stretched&quot;}\">\n\t\t\t\t\t\t<div class=\"elementor-container elementor-column-gap-default\">\n\t\t\t\t\t<div class=\"elementor-column elementor-col-100 elementor-top-column elementor-element elementor-element-ef4256a\" data-id=\"ef4256a\" data-element_type=\"column\" data-e-type=\"column\">\n\t\t\t<div class=\"elementor-widget-wrap\">\n\t\t\t\t\t\t\t<\/div>\n\t\t<\/div>\n\t\t\t\t\t<\/div>\n\t\t<\/section>\n\t\t\t\t<section class=\"elementor-section elementor-top-section elementor-element elementor-element-f94355d elementor-section-boxed elementor-section-height-default elementor-section-height-default\" data-id=\"f94355d\" data-element_type=\"section\" data-e-type=\"section\">\n\t\t\t\t\t\t<div class=\"elementor-container elementor-column-gap-default\">\n\t\t\t\t\t<div class=\"elementor-column elementor-col-100 elementor-top-column elementor-element elementor-element-e474bde\" data-id=\"e474bde\" data-element_type=\"column\" data-e-type=\"column\">\n\t\t\t<div class=\"elementor-widget-wrap elementor-element-populated\">\n\t\t\t\t\t\t<div class=\"elementor-element elementor-element-434a82b elementor-widget elementor-widget-text-editor\" data-id=\"434a82b\" data-element_type=\"widget\" data-e-type=\"widget\" data-widget_type=\"text-editor.default\">\n\t\t\t\t<div class=\"elementor-widget-container\">\n\t\t\t\t\t\t\t\t\t<style>\n\/* ===== Sail in Greece \u2022 La Nostra Storia (scoped) ===== *\/\n:root {\n  --sig-navy: #16205b;\n  --sig-accent: #b2cfce;\n  --sig-text: #333;\n  --sig-bg: #fff;\n}\n\n\/* Scope everything to avoid leaking styles site-wide *\/\n.sig-story {\n  display: grid;\n  grid-template-columns: 1fr 80px 1.5fr; \/* image | accent | content *\/\n  min-height: min(100vh, 900px);\n  font-family: \"Helvetica Neue\", Arial, sans-serif;\n  background: var(--sig-bg);\n}\n\n\/* Left image panel *\/\n.sig-story__image {\n  position: relative;\n  min-height: 400px;\n  background: center center \/ cover no-repeat;\n  background-image: url('https:\/\/sail-ingreece.com\/wp-content\/uploads\/2025\/03\/aerial-shot-ocean-waves-hitting-small-sandy-island-scaled.jpg');\n}\n\n\/* Middle accent bar *\/\n.sig-story__accent {\n  background: var(--sig-accent);\n  width: 100%;\n}\n\n\/* Right content panel *\/\n.sig-story__content {\n  background: var(--sig-bg);\n  padding: clamp(32px, 6vw, 80px) clamp(20px, 4vw, 60px);\n  display: flex;\n  align-items: center;\n}\n\n.sig-story__inner {\n  max-width: 820px;\n  margin: 0;\n}\n\n.sig-story__title {\n  font-size: clamp(28px, 3.2vw, 42px);\n  font-weight: 800;\n  line-height: 1.15;\n  margin: 0 0 24px 0;\n  color: var(--sig-navy);\n}\n\n.sig-story__body {\n  font-size: clamp(15px, 1.1vw, 17px);\n  line-height: 1.8;\n  color: var(--sig-text);\n}\n\n.sig-story__body p {\n  margin: 0 0 18px 0;\n}\n\n.sig-story__highlight {\n  color: var(--sig-navy);\n  font-weight: 800;\n}\n\n\/* ===== Responsive ===== *\/\n@media (max-width: 1024px) {\n  .sig-story {\n    grid-template-columns: 1fr 56px 1.2fr;\n  }\n}\n\n@media (max-width: 768px) {\n  .sig-story {\n    grid-template-columns: 1fr;\n    min-height: unset;\n  }\n  .sig-story__image {\n    min-height: 260px;\n    order: 1;\n  }\n  .sig-story__accent {\n    display: none;\n  }\n  .sig-story__content {\n    order: 2;\n    padding: 28px 20px 40px;\n  }\n  .sig-story__title {\n    margin-bottom: 18px;\n  }\n  .sig-story__body {\n    line-height: 1.65;\n  }\n}\n\n\/* Small phones *\/\n@media (max-width: 480px) {\n  .sig-story__content {\n    padding: 24px 16px 32px;\n  }\n  .sig-story__title {\n    font-size: 24px;\n  }\n  .sig-story__body {\n    font-size: 14px;\n  }\n}\n\n\/* Reduced motion *\/\n@media (prefers-reduced-motion: no-preference) {\n  .sig-story__image { transition: transform 500ms ease; }\n  .sig-story__image:hover { transform: scale(1.015); }\n}\n<\/style>\n\n<section class=\"sig-story\" aria-labelledby=\"sig-story-title\">\n  <div class=\"sig-story__image\" role=\"img\" aria-label=\"Veduta aerea di onde che si infrangono su una piccola isola sabbiosa\"><\/div>\n  <div class=\"sig-story__accent\" aria-hidden=\"true\"><\/div>\n\n  <div class=\"sig-story__content\">\n    <div class=\"sig-story__inner\">\n      <h2 id=\"sig-story-title\" class=\"sig-story__title\">La Nostra Storia<\/h2>\n\n      <div class=\"sig-story__body\">\n        <p><strong>Sail in Greece \u2013 Il principale operatore di golette in Grecia<\/strong><\/p>\n\n        <p>Sail in Greece possiede e gestisce con orgoglio la pi\u00f9 grande flotta di golette tradizionali in legno del Paese. Con una flotta privata di 9 golette, siamo specializzati sia in charter privati che in crociere programmate, con partenze da alcune delle destinazioni pi\u00f9 iconiche della Grecia \u2014 tra cui Corf\u00f9, Zante, Atene e Mykonos.<\/p>\n\n        <p>Scopri le nostre crociere programmate con partenze garantite o esplora la nostra flotta di golette disponibili per il noleggio privato da qualsiasi porto della Grecia.<\/p>\n\n        <p>Fin dai nostri umili inizi nel 2015, quando abbiamo introdotto piccole crociere in goletta dedicate a viaggiatori giovani e avventurosi, siamo cresciuti fino a diventare un operatore di fiducia con una solida infrastruttura. Siamo abbastanza grandi da offrire professionalit\u00e0, sicurezza finanziaria e affidabilit\u00e0 operativa, ma abbastanza piccoli da garantire un servizio personalizzato e attenzione a ogni esigenza dei nostri ospiti.<\/p>\n\n        <p>In Sail in Greece ci impegniamo per un turismo responsabile. Tutte le nostre imbarcazioni sono di propriet\u00e0 e gestione locale, con equipaggi che portano ospitalit\u00e0 autentica e conoscenza del territorio in ogni viaggio. Reinvestendo nelle comunit\u00e0 locali, miriamo a preservare l\u2019integrit\u00e0 culturale e ambientale delle destinazioni che visitiamo.<\/p>\n\n        <p>Il nostro team \u2014 composto da professionisti del viaggio appassionati, esperti di prenotazioni e personale locale \u2014 condivide un profondo amore per l\u2019esplorazione. Per noi, viaggiare non \u00e8 solo una professione: \u00e8 uno stile di vita. Lascia che ci occupiamo dell\u2019organizzazione mentre tu ti godi un\u2019avventura indimenticabile in mare.<\/p>\n\n        <p class=\"sig-story__highlight\">Non vediamo l\u2019ora di accoglierti a bordo&#8230;<\/p>\n      <\/div>\n    <\/div>\n  <\/div>\n<\/section>\n\t\t\t\t\t\t\t\t<\/div>\n\t\t\t\t<\/div>\n\t\t\t\t\t<\/div>\n\t\t<\/div>\n\t\t\t\t\t<\/div>\n\t\t<\/section>\n\t\t\t\t<section class=\"elementor-section elementor-top-section elementor-element elementor-element-266ae6e elementor-section-boxed elementor-section-height-default elementor-section-height-default\" data-id=\"266ae6e\" data-element_type=\"section\" data-e-type=\"section\">\n\t\t\t\t\t\t<div class=\"elementor-container elementor-column-gap-default\">\n\t\t\t\t\t<div class=\"elementor-column elementor-col-100 elementor-top-column elementor-element elementor-element-dc3dd34\" data-id=\"dc3dd34\" data-element_type=\"column\" data-e-type=\"column\">\n\t\t\t<div class=\"elementor-widget-wrap elementor-element-populated\">\n\t\t\t\t\t\t<div class=\"elementor-element elementor-element-114817b elementor-widget elementor-widget-text-editor\" data-id=\"114817b\" data-element_type=\"widget\" data-e-type=\"widget\" data-widget_type=\"text-editor.default\">\n\t\t\t\t<div class=\"elementor-widget-container\">\n\t\t\t\t\t\t\t\t\t<style>\n  .doing-wrap {\n    background-color: #f7f9fc;\n    padding: 60px 20px;\n    text-align: center;\n    color: #16205b;\n    animation: fadeIn 1.2s ease-out;\n  }\n\n  .doing-wrap h2 {\n    font-size: 32px;\n    margin-bottom: 10px;\n    font-weight: 700;\n  }\n\n  .doing-wrap p {\n    font-size: 14px;\n    color: #555;\n    margin-bottom: 40px;\n  }\n\n  .doing-grid {\n    display: grid;\n    grid-template-columns: repeat(auto-fit, minmax(240px, 1fr));\n    gap: 40px;\n    max-width: 1000px;\n    margin: auto;\n  }\n\n  .doing-box {\n    background: white;\n    border-radius: 10px;\n    padding: 25px;\n    box-shadow: 0 6px 16px rgba(0, 0, 0, 0.05);\n    transition: transform 0.3s ease;\n  }\n\n  .doing-box:hover {\n    transform: translateY(-5px);\n  }\n\n  .doing-icon {\n    background-color: #16205b;\n    color: white;\n    font-size: 22px;\n    width: 50px;\n    height: 50px;\n    margin: auto auto 15px;\n    display: flex;\n    align-items: center;\n    justify-content: center;\n    border-radius: 50%;\n  }\n\n  .doing-title {\n    font-weight: bold;\n    margin-bottom: 10px;\n  }\n\n  @keyframes fadeIn {\n    from { opacity: 0; transform: translateY(20px); }\n    to { opacity: 1; transform: translateY(0); }\n  }\n<\/style>\n\n<div class=\"doing-wrap\">\n  <h2>La Nostra Promessa<\/h2>\n  <p>Scopri i valori e gli impegni di servizio che rendono ogni esperienza con noi speciale.<\/p>\n\n  <div class=\"doing-grid\">\n    <div class=\"doing-box\">\n      <div class=\"doing-icon\">\ud83c\udf0d<\/div>\n      <div class=\"doing-title\">1. Crea ricordi indimenticabili<\/div>\n      <div>Vivi la Grecia non da turista, ma come un locale. Immergiti nella cultura autentica, esplora luoghi nascosti e crea storie che dureranno per sempre.<\/div>\n    <\/div>\n\n    <div class=\"doing-box\">\n      <div class=\"doing-icon\">\ud83d\udcde<\/div>\n      <div class=\"doing-title\">2. Assistenza clienti eccezionale<\/div>\n      <div>Il nostro team di specialisti di viaggio \u00e8 disponibile 24\/7 per rispondere a tutte le tue domande e aiutarti nella pianificazione.<\/div>\n    <\/div>\n\n    <div class=\"doing-box\">\n      <div class=\"doing-icon\">\ud83d\udd12<\/div>\n      <div class=\"doing-title\">3. Prenotazione trasparente e sicura<\/div>\n      <div>Il nostro processo di prenotazione segue i pi\u00f9 alti standard di sicurezza per garantire la protezione dei tuoi dati personali e di pagamento.<\/div>\n    <\/div>\n\n    <div class=\"doing-box\">\n      <div class=\"doing-icon\">\ud83e\udd1d<\/div>\n      <div class=\"doing-title\">4. Rispetto per ogni ospite<\/div>\n      <div>L\u2019ospitalit\u00e0 \u00e8 molto pi\u00f9 di un sorriso: \u00e8 il modo in cui trattiamo ogni persona con gentilezza, pazienza e integrit\u00e0.<\/div>\n    <\/div>\n\n    <div class=\"doing-box\">\n      <div class=\"doing-icon\">\u2705<\/div>\n      <div class=\"doing-title\">5. Qualit\u00e0 su cui puoi contare<\/div>\n      <div>Ci impegniamo a offrire servizi autentici e di alta qualit\u00e0 senza scorciatoie. Onest\u00e0, professionalit\u00e0 e coerenza guidano tutto ci\u00f2 che facciamo \u2013 dal nostro equipaggio alla tua cabina.<\/div>\n    <\/div>\n\n    <div class=\"doing-box\">\n      <div class=\"doing-icon\">\ud83c\udf1f<\/div>\n      <div class=\"doing-title\">6. Soddisfare ogni viaggiatore<\/div>\n      <div>Ogni viaggiatore \u00e8 unico \u2013 e questo ci piace. Che tu cerchi avventura, relax, immersione culturale o connessione, siamo qui per rendere la tua esperienza davvero personale.<\/div>\n    <\/div>\n  <\/div>\n<\/div>\n\t\t\t\t\t\t\t\t<\/div>\n\t\t\t\t<\/div>\n\t\t\t\t\t<\/div>\n\t\t<\/div>\n\t\t\t\t\t<\/div>\n\t\t<\/section>\n\t\t\t\t<\/div>\n\t\t","protected":false},"excerpt":{"rendered":"<p>La Nostra Storia Sail in Greece \u2013 Il principale operatore di golette in Grecia Sail in Greece possiede e gestisce con orgoglio la pi\u00f9 grande flotta di golette tradizionali in legno del Paese. Con una flotta privata di 9 golette, siamo specializzati sia in charter privati che in crociere programmate, con partenze da alcune delle [&hellip;]<\/p>\n","protected":false},"author":10,"featured_media":0,"parent":0,"menu_order":0,"comment_status":"closed","ping_status":"closed","template":"","meta":{"_acf_changed":false,"inline_featured_image":false,"footnotes":""},"class_list":["post-34264","page","type-page","status-publish","hentry"],"acf":[],"aioseo_notices":[],"aioseo_head":"\n\t\t<!-- All in One SEO Pro 4.9.5.2 - aioseo.com -->\n\t<meta name=\"description\" content=\"La Nostra Storia Sail in Greece \u2013 Il principale operatore di golette in Grecia Sail in Greece possiede e gestisce con orgoglio la pi\u00f9 grande flotta di golette tradizionali in legno del Paese. Con una flotta privata di 9 golette, siamo specializzati sia in charter privati che in crociere programmate, con partenze da alcune delle\" \/>\n\t<meta name=\"robots\" content=\"max-image-preview:large\" \/>\n\t<meta name=\"google-site-verification\" content=\"sy88jQLx-_fjDSrygY17DEdpgCjlcvhs9iPMwhgJlh8\" \/>\n\t<link rel=\"canonical\" href=\"https:\/\/sail-ingreece.com\/it\/chi-e-sail-in-greece\" \/>\n\t<meta name=\"generator\" content=\"All in One SEO Pro (AIOSEO) 4.9.5.2\" \/>\n\t\t<meta property=\"og:locale\" content=\"it_IT\" \/>\n\t\t<meta property=\"og:site_name\" content=\"Sail in Greece\u2122 | Greek Cruises &amp; Sailing Holidays 2025\" \/>\n\t\t<meta property=\"og:type\" content=\"article\" \/>\n\t\t<meta property=\"og:title\" content=\"CHI \u00c8 SAIL IN GREECE | Sail in Greece\u2122\" \/>\n\t\t<meta property=\"og:description\" content=\"La Nostra Storia Sail in Greece \u2013 Il principale operatore di golette in Grecia Sail in Greece possiede e gestisce con orgoglio la pi\u00f9 grande flotta di golette tradizionali in legno del Paese. Con una flotta privata di 9 golette, siamo specializzati sia in charter privati che in crociere programmate, con partenze da alcune delle\" \/>\n\t\t<meta property=\"og:url\" content=\"https:\/\/sail-ingreece.com\/it\/chi-e-sail-in-greece\" \/>\n\t\t<meta property=\"og:image\" content=\"https:\/\/sail-ingreece.com\/wp-content\/uploads\/2025\/03\/DJI_0776-scaled.jpg\" \/>\n\t\t<meta property=\"og:image:secure_url\" content=\"https:\/\/sail-ingreece.com\/wp-content\/uploads\/2025\/03\/DJI_0776-scaled.jpg\" \/>\n\t\t<meta property=\"article:published_time\" content=\"2020-11-18T07:59:41+00:00\" \/>\n\t\t<meta property=\"article:modified_time\" content=\"2025-10-29T13:54:33+00:00\" \/>\n\t\t<meta property=\"article:publisher\" content=\"https:\/\/www.facebook.com\/SailinGreeceadventures\/\" \/>\n\t\t<meta name=\"twitter:card\" content=\"summary_large_image\" \/>\n\t\t<meta name=\"twitter:site\" content=\"@i\" \/>\n\t\t<meta name=\"twitter:title\" content=\"CHI \u00c8 SAIL IN GREECE | Sail in Greece\u2122\" \/>\n\t\t<meta name=\"twitter:description\" content=\"La Nostra Storia Sail in Greece \u2013 Il principale operatore di golette in Grecia Sail in Greece possiede e gestisce con orgoglio la pi\u00f9 grande flotta di golette tradizionali in legno del Paese. Con una flotta privata di 9 golette, siamo specializzati sia in charter privati che in crociere programmate, con partenze da alcune delle\" \/>\n\t\t<meta name=\"twitter:creator\" content=\"@i\" \/>\n\t\t<meta name=\"twitter:image\" content=\"https:\/\/sail-ingreece.com\/wp-content\/uploads\/2023\/11\/white.png\" \/>\n\t\t<script type=\"application\/ld+json\" class=\"aioseo-schema\">\n\t\t\t{\"@context\":\"https:\\\/\\\/schema.org\",\"@graph\":[{\"@type\":\"BreadcrumbList\",\"@id\":\"https:\\\/\\\/sail-ingreece.com\\\/it\\\/chi-e-sail-in-greece#breadcrumblist\",\"itemListElement\":[{\"@type\":\"ListItem\",\"@id\":\"https:\\\/\\\/sail-ingreece.com\\\/it\\\/#listItem\",\"position\":1,\"name\":\"Home\",\"item\":\"https:\\\/\\\/sail-ingreece.com\\\/it\\\/\",\"nextItem\":{\"@type\":\"ListItem\",\"@id\":\"https:\\\/\\\/sail-ingreece.com\\\/it\\\/chi-e-sail-in-greece#listItem\",\"name\":\"CHI \\u00c8 SAIL IN GREECE\"}},{\"@type\":\"ListItem\",\"@id\":\"https:\\\/\\\/sail-ingreece.com\\\/it\\\/chi-e-sail-in-greece#listItem\",\"position\":2,\"name\":\"CHI \\u00c8 SAIL IN GREECE\",\"previousItem\":{\"@type\":\"ListItem\",\"@id\":\"https:\\\/\\\/sail-ingreece.com\\\/it\\\/#listItem\",\"name\":\"Home\"}}]},{\"@type\":\"Organization\",\"@id\":\"https:\\\/\\\/sail-ingreece.com\\\/it\\\/#organization\",\"name\":\"Sail in Greece\\u2122\",\"description\":\"Greek Cruises & Sailing Holidays 2025\",\"url\":\"https:\\\/\\\/sail-ingreece.com\\\/it\\\/\",\"telephone\":\"+442032399253\",\"logo\":{\"@type\":\"ImageObject\",\"url\":\"https:\\\/\\\/sail-ingreece.com\\\/wp-content\\\/uploads\\\/2023\\\/11\\\/white.png\",\"@id\":\"https:\\\/\\\/sail-ingreece.com\\\/it\\\/chi-e-sail-in-greece\\\/#organizationLogo\",\"width\":300,\"height\":95},\"image\":{\"@id\":\"https:\\\/\\\/sail-ingreece.com\\\/it\\\/chi-e-sail-in-greece\\\/#organizationLogo\"},\"sameAs\":[\"https:\\\/\\\/www.facebook.com\\\/SailinGreeceadventures\\\/\",\"https:\\\/\\\/twitter.com\\\/i\\\/flow\\\/login?redirect_after_login=Sail_inGreece\",\"https:\\\/\\\/www.instagram.com\\\/sail_ingreece\\\/\",\"https:\\\/\\\/www.youtube.com\\\/channel\\\/UCHxbXUdfpDdapnEEdyCVTyA\"]},{\"@type\":\"WebPage\",\"@id\":\"https:\\\/\\\/sail-ingreece.com\\\/it\\\/chi-e-sail-in-greece#webpage\",\"url\":\"https:\\\/\\\/sail-ingreece.com\\\/it\\\/chi-e-sail-in-greece\",\"name\":\"CHI \\u00c8 SAIL IN GREECE | Sail in Greece\\u2122\",\"description\":\"La Nostra Storia Sail in Greece \\u2013 Il principale operatore di golette in Grecia Sail in Greece possiede e gestisce con orgoglio la pi\\u00f9 grande flotta di golette tradizionali in legno del Paese. Con una flotta privata di 9 golette, siamo specializzati sia in charter privati che in crociere programmate, con partenze da alcune delle\",\"inLanguage\":\"it-IT\",\"isPartOf\":{\"@id\":\"https:\\\/\\\/sail-ingreece.com\\\/it\\\/#website\"},\"breadcrumb\":{\"@id\":\"https:\\\/\\\/sail-ingreece.com\\\/it\\\/chi-e-sail-in-greece#breadcrumblist\"},\"datePublished\":\"2020-11-18T09:59:41+02:00\",\"dateModified\":\"2025-10-29T15:54:33+02:00\"},{\"@type\":\"WebSite\",\"@id\":\"https:\\\/\\\/sail-ingreece.com\\\/it\\\/#website\",\"url\":\"https:\\\/\\\/sail-ingreece.com\\\/it\\\/\",\"name\":\"Sail in Greece\\u2122\",\"description\":\"Greek Cruises & Sailing Holidays 2025\",\"inLanguage\":\"it-IT\",\"publisher\":{\"@id\":\"https:\\\/\\\/sail-ingreece.com\\\/it\\\/#organization\"}}]}\n\t\t<\/script>\n\t\t<!-- All in One SEO Pro -->\r\n\t\t<title>CHI \u00c8 SAIL IN GREECE | Sail in Greece\u2122<\/title>\n\n","aioseo_head_json":{"title":"CHI \u00c8 SAIL IN GREECE | Sail in Greece\u2122","description":"La Nostra Storia Sail in Greece \u2013 Il principale operatore di golette in Grecia Sail in Greece possiede e gestisce con orgoglio la pi\u00f9 grande flotta di golette tradizionali in legno del Paese. Con una flotta privata di 9 golette, siamo specializzati sia in charter privati che in crociere programmate, con partenze da alcune delle","canonical_url":"https:\/\/sail-ingreece.com\/it\/chi-e-sail-in-greece","robots":"max-image-preview:large","keywords":"","webmasterTools":{"google-site-verification":"sy88jQLx-_fjDSrygY17DEdpgCjlcvhs9iPMwhgJlh8","miscellaneous":""},"schema":{"@context":"https:\/\/schema.org","@graph":[{"@type":"BreadcrumbList","@id":"https:\/\/sail-ingreece.com\/it\/chi-e-sail-in-greece#breadcrumblist","itemListElement":[{"@type":"ListItem","@id":"https:\/\/sail-ingreece.com\/it\/#listItem","position":1,"name":"Home","item":"https:\/\/sail-ingreece.com\/it\/","nextItem":{"@type":"ListItem","@id":"https:\/\/sail-ingreece.com\/it\/chi-e-sail-in-greece#listItem","name":"CHI \u00c8 SAIL IN GREECE"}},{"@type":"ListItem","@id":"https:\/\/sail-ingreece.com\/it\/chi-e-sail-in-greece#listItem","position":2,"name":"CHI \u00c8 SAIL IN GREECE","previousItem":{"@type":"ListItem","@id":"https:\/\/sail-ingreece.com\/it\/#listItem","name":"Home"}}]},{"@type":"Organization","@id":"https:\/\/sail-ingreece.com\/it\/#organization","name":"Sail in Greece\u2122","description":"Greek Cruises & Sailing Holidays 2025","url":"https:\/\/sail-ingreece.com\/it\/","telephone":"+442032399253","logo":{"@type":"ImageObject","url":"https:\/\/sail-ingreece.com\/wp-content\/uploads\/2023\/11\/white.png","@id":"https:\/\/sail-ingreece.com\/it\/chi-e-sail-in-greece\/#organizationLogo","width":300,"height":95},"image":{"@id":"https:\/\/sail-ingreece.com\/it\/chi-e-sail-in-greece\/#organizationLogo"},"sameAs":["https:\/\/www.facebook.com\/SailinGreeceadventures\/","https:\/\/twitter.com\/i\/flow\/login?redirect_after_login=Sail_inGreece","https:\/\/www.instagram.com\/sail_ingreece\/","https:\/\/www.youtube.com\/channel\/UCHxbXUdfpDdapnEEdyCVTyA"]},{"@type":"WebPage","@id":"https:\/\/sail-ingreece.com\/it\/chi-e-sail-in-greece#webpage","url":"https:\/\/sail-ingreece.com\/it\/chi-e-sail-in-greece","name":"CHI \u00c8 SAIL IN GREECE | Sail in Greece\u2122","description":"La Nostra Storia Sail in Greece \u2013 Il principale operatore di golette in Grecia Sail in Greece possiede e gestisce con orgoglio la pi\u00f9 grande flotta di golette tradizionali in legno del Paese. Con una flotta privata di 9 golette, siamo specializzati sia in charter privati che in crociere programmate, con partenze da alcune delle","inLanguage":"it-IT","isPartOf":{"@id":"https:\/\/sail-ingreece.com\/it\/#website"},"breadcrumb":{"@id":"https:\/\/sail-ingreece.com\/it\/chi-e-sail-in-greece#breadcrumblist"},"datePublished":"2020-11-18T09:59:41+02:00","dateModified":"2025-10-29T15:54:33+02:00"},{"@type":"WebSite","@id":"https:\/\/sail-ingreece.com\/it\/#website","url":"https:\/\/sail-ingreece.com\/it\/","name":"Sail in Greece\u2122","description":"Greek Cruises & Sailing Holidays 2025","inLanguage":"it-IT","publisher":{"@id":"https:\/\/sail-ingreece.com\/it\/#organization"}}]},"og:locale":"it_IT","og:site_name":"Sail in Greece\u2122 | Greek Cruises &amp; Sailing Holidays 2025","og:type":"article","og:title":"CHI \u00c8 SAIL IN GREECE | Sail in Greece\u2122","og:description":"La Nostra Storia Sail in Greece \u2013 Il principale operatore di golette in Grecia Sail in Greece possiede e gestisce con orgoglio la pi\u00f9 grande flotta di golette tradizionali in legno del Paese. Con una flotta privata di 9 golette, siamo specializzati sia in charter privati che in crociere programmate, con partenze da alcune delle","og:url":"https:\/\/sail-ingreece.com\/it\/chi-e-sail-in-greece","og:image":"https:\/\/sail-ingreece.com\/wp-content\/uploads\/2025\/03\/DJI_0776-scaled.jpg","og:image:secure_url":"https:\/\/sail-ingreece.com\/wp-content\/uploads\/2025\/03\/DJI_0776-scaled.jpg","article:published_time":"2020-11-18T07:59:41+00:00","article:modified_time":"2025-10-29T13:54:33+00:00","article:publisher":"https:\/\/www.facebook.com\/SailinGreeceadventures\/","twitter:card":"summary_large_image","twitter:site":"@i","twitter:title":"CHI \u00c8 SAIL IN GREECE | Sail in Greece\u2122","twitter:description":"La Nostra Storia Sail in Greece \u2013 Il principale operatore di golette in Grecia Sail in Greece possiede e gestisce con orgoglio la pi\u00f9 grande flotta di golette tradizionali in legno del Paese. Con una flotta privata di 9 golette, siamo specializzati sia in charter privati che in crociere programmate, con partenze da alcune delle","twitter:creator":"@i","twitter:image":"https:\/\/sail-ingreece.com\/wp-content\/uploads\/2023\/11\/white.png"},"aioseo_meta_data":{"post_id":"34264","title":null,"description":null,"keywords":null,"keyphrases":{"focus":{"keyphrase":"","score":0,"analysis":{"keyphraseInTitle":{"score":0,"maxScore":9,"error":1}}},"additional":[]},"primary_term":null,"canonical_url":null,"og_title":null,"og_description":null,"og_object_type":"default","og_image_type":"default","og_image_url":null,"og_image_width":null,"og_image_height":null,"og_image_custom_url":null,"og_image_custom_fields":null,"og_video":"","og_custom_url":null,"og_article_section":null,"og_article_tags":null,"twitter_use_og":false,"twitter_card":"default","twitter_image_type":"default","twitter_image_url":null,"twitter_image_custom_url":null,"twitter_image_custom_fields":null,"twitter_title":null,"twitter_description":null,"schema":{"blockGraphs":[],"customGraphs":[],"default":{"data":{"Article":[],"Course":[],"Dataset":[],"FAQPage":[],"Movie":[],"Person":[],"Product":[],"ProductReview":[],"Car":[],"Recipe":[],"Service":[],"SoftwareApplication":[],"WebPage":[]},"graphName":"WebPage","isEnabled":true},"graphs":[]},"schema_type":"default","schema_type_options":null,"pillar_content":false,"robots_default":true,"robots_noindex":false,"robots_noarchive":false,"robots_nosnippet":false,"robots_nofollow":false,"robots_noimageindex":false,"robots_noodp":false,"robots_notranslate":false,"robots_max_snippet":"-1","robots_max_videopreview":"-1","robots_max_imagepreview":"large","priority":null,"frequency":"default","local_seo":null,"seo_analyzer_scan_date":"2025-10-29 14:20:06","breadcrumb_settings":null,"limit_modified_date":false,"ai":{"faqs":[],"keyPoints":[],"titles":[],"descriptions":[],"socialPosts":{"email":[],"linkedin":[],"twitter":[],"facebook":[],"instagram":[]}},"created":"2023-11-14 12:38:06","updated":"2025-10-29 14:20:06"},"aioseo_breadcrumb":"<div class=\"aioseo-breadcrumbs\"><span class=\"aioseo-breadcrumb\">\n\t<a href=\"https:\/\/sail-ingreece.com\/it\/\" title=\"Home\">Home<\/a>\n<\/span><span class=\"aioseo-breadcrumb-separator\">\/<\/span><span class=\"aioseo-breadcrumb\">\n\tCHI \u00c8 SAIL IN GREECE\n<\/span><\/div>","aioseo_breadcrumb_json":[{"label":"Home","link":"https:\/\/sail-ingreece.com\/it\/"},{"label":"CHI \u00c8 SAIL IN GREECE","link":"https:\/\/sail-ingreece.com\/it\/chi-e-sail-in-greece"}],"_links":{"self":[{"href":"https:\/\/sail-ingreece.com\/it\/wp-json\/wp\/v2\/pages\/34264","targetHints":{"allow":["GET"]}}],"collection":[{"href":"https:\/\/sail-ingreece.com\/it\/wp-json\/wp\/v2\/pages"}],"about":[{"href":"https:\/\/sail-ingreece.com\/it\/wp-json\/wp\/v2\/types\/page"}],"author":[{"embeddable":true,"href":"https:\/\/sail-ingreece.com\/it\/wp-json\/wp\/v2\/users\/10"}],"replies":[{"embeddable":true,"href":"https:\/\/sail-ingreece.com\/it\/wp-json\/wp\/v2\/comments?post=34264"}],"version-history":[{"count":0,"href":"https:\/\/sail-ingreece.com\/it\/wp-json\/wp\/v2\/pages\/34264\/revisions"}],"wp:attachment":[{"href":"https:\/\/sail-ingreece.com\/it\/wp-json\/wp\/v2\/media?parent=34264"}],"curies":[{"name":"wp","href":"https:\/\/api.w.org\/{rel}","templated":true}]}}