{"id":76914,"date":"2024-03-08T15:45:12","date_gmt":"2024-03-08T13:45:12","guid":{"rendered":"https:\/\/sail-ingreece.com\/thank-you\/"},"modified":"2026-03-28T21:58:56","modified_gmt":"2026-03-28T19:58:56","slug":"thank-you","status":"publish","type":"page","link":"https:\/\/sail-ingreece.com\/fr\/thank-you\/","title":{"rendered":"Merci de votre attention"},"content":{"rendered":"\t\t<div data-elementor-type=\"wp-page\" data-elementor-id=\"76914\" class=\"elementor elementor-76914 elementor-39209\" data-elementor-post-type=\"page\">\n\t\t\t\t\t\t<section class=\"elementor-section elementor-top-section elementor-element elementor-element-f8a1a9d elementor-section-full_width elementor-section-stretched elementor-section-height-default elementor-section-height-default\" data-id=\"f8a1a9d\" data-element_type=\"section\" data-e-type=\"section\" data-settings=\"{&quot;background_background&quot;:&quot;classic&quot;,&quot;stretch_section&quot;:&quot;section-stretched&quot;}\">\n\t\t\t\t\t\t<div class=\"elementor-container elementor-column-gap-default\">\n\t\t\t\t\t<div class=\"elementor-column elementor-col-100 elementor-top-column elementor-element elementor-element-4efe9c2\" data-id=\"4efe9c2\" data-element_type=\"column\" data-e-type=\"column\">\n\t\t\t<div class=\"elementor-widget-wrap elementor-element-populated\">\n\t\t\t\t\t\t<div class=\"elementor-element elementor-element-c9d59fa elementor-widget elementor-widget-spacer\" data-id=\"c9d59fa\" data-element_type=\"widget\" data-e-type=\"widget\" data-widget_type=\"spacer.default\">\n\t\t\t\t<div class=\"elementor-widget-container\">\n\t\t\t\t\t\t\t<div class=\"elementor-spacer\">\n\t\t\t<div class=\"elementor-spacer-inner\"><\/div>\n\t\t<\/div>\n\t\t\t\t\t\t<\/div>\n\t\t\t\t<\/div>\n\t\t\t\t\t<\/div>\n\t\t<\/div>\n\t\t\t\t\t<\/div>\n\t\t<\/section>\n\t\t\t\t<section class=\"elementor-section elementor-top-section elementor-element elementor-element-2ec49a4f elementor-section-content-middle elementor-section-boxed elementor-section-height-default elementor-section-height-default\" data-id=\"2ec49a4f\" data-element_type=\"section\" data-e-type=\"section\">\n\t\t\t\t\t\t<div class=\"elementor-container elementor-column-gap-no\">\n\t\t\t\t\t<div class=\"elementor-column elementor-col-100 elementor-top-column elementor-element elementor-element-3df34d00\" data-id=\"3df34d00\" data-element_type=\"column\" data-e-type=\"column\">\n\t\t\t<div class=\"elementor-widget-wrap elementor-element-populated\">\n\t\t\t\t\t\t<div class=\"elementor-element elementor-element-121f440d elementor-widget elementor-widget-heading\" data-id=\"121f440d\" data-element_type=\"widget\" data-e-type=\"widget\" data-widget_type=\"heading.default\">\n\t\t\t\t<div class=\"elementor-widget-container\">\n\t\t\t\t\t<h4 class=\"elementor-heading-title elementor-size-default\">Merci pour votre r\u00e9servation<\/h4>\t\t\t\t<\/div>\n\t\t\t\t<\/div>\n\t\t\t\t<div class=\"elementor-element elementor-element-7172ce6b elementor-widget elementor-widget-text-editor\" data-id=\"7172ce6b\" data-element_type=\"widget\" data-e-type=\"widget\" data-widget_type=\"text-editor.default\">\n\t\t\t\t<div class=\"elementor-widget-container\">\n\t\t\t\t\t\t\t\t\t<p>Merci de nous avoir choisis pour votre r\u00e9servation ! Nous appr\u00e9cions vraiment la confiance que vous accordez \u00e0 nos services. Votre d\u00e9cision de r\u00e9server avec nous signifie beaucoup, et nous nous engageons \u00e0 faire en sorte que votre exp\u00e9rience avec nous d\u00e9passe vos attentes. Si vous avez des questions ou des demandes particuli\u00e8res, n&rsquo;h\u00e9sitez pas \u00e0 nous contacter. Nous sommes l\u00e0 pour veiller \u00e0 ce que tout se passe bien et \u00e0 ce que votre s\u00e9jour ou votre exp\u00e9rience avec nous soit tout \u00e0 fait exceptionnelle. Encore une fois, nous vous remercions de nous avoir choisis et nous nous r\u00e9jouissons de vous servir bient\u00f4t !     <\/p>\t\t\t\t\t\t\t\t<\/div>\n\t\t\t\t<\/div>\n\t\t\t\t\t<\/div>\n\t\t<\/div>\n\t\t\t\t\t<\/div>\n\t\t<\/section>\n\t\t\t\t<\/div>\n\t\t","protected":false},"excerpt":{"rendered":"<p>Merci pour votre r\u00e9servation Merci de nous avoir choisis pour votre r\u00e9servation ! Nous appr\u00e9cions vraiment la confiance que vous accordez \u00e0 nos services. Votre d\u00e9cision de r\u00e9server avec nous signifie beaucoup, et nous nous engageons \u00e0 faire en sorte que votre exp\u00e9rience avec nous d\u00e9passe vos attentes. Si vous avez des questions ou des [&hellip;]<\/p>\n","protected":false},"author":10,"featured_media":0,"parent":0,"menu_order":0,"comment_status":"closed","ping_status":"closed","template":"","meta":{"_acf_changed":false,"inline_featured_image":false,"footnotes":""},"class_list":["post-76914","page","type-page","status-publish","hentry"],"acf":[],"aioseo_notices":[],"aioseo_head":"\n\t\t<!-- All in One SEO Pro 4.9.5.2 - aioseo.com -->\n\t<meta name=\"description\" content=\"Merci pour votre r\u00e9servation Merci de nous avoir choisis pour votre r\u00e9servation ! Nous appr\u00e9cions vraiment la confiance que vous accordez \u00e0 nos services. Votre d\u00e9cision de r\u00e9server avec nous signifie beaucoup, et nous nous engageons \u00e0 faire en sorte que votre exp\u00e9rience avec nous d\u00e9passe vos attentes. Si vous avez des questions ou des\" \/>\n\t<meta name=\"robots\" content=\"max-image-preview:large\" \/>\n\t<meta name=\"google-site-verification\" content=\"sy88jQLx-_fjDSrygY17DEdpgCjlcvhs9iPMwhgJlh8\" \/>\n\t<link rel=\"canonical\" href=\"https:\/\/sail-ingreece.com\/fr\/thank-you\/\" \/>\n\t<meta name=\"generator\" content=\"All in One SEO Pro (AIOSEO) 4.9.5.2\" \/>\n\t\t<meta property=\"og:locale\" content=\"fr_FR\" \/>\n\t\t<meta property=\"og:site_name\" content=\"Sail in Greece\u2122 | Greek Cruises &amp; Sailing Holidays 2025\" \/>\n\t\t<meta property=\"og:type\" content=\"article\" \/>\n\t\t<meta property=\"og:title\" content=\"Merci de votre attention | Sail in Greece\u2122\" \/>\n\t\t<meta property=\"og:description\" content=\"Merci pour votre r\u00e9servation Merci de nous avoir choisis pour votre r\u00e9servation ! Nous appr\u00e9cions vraiment la confiance que vous accordez \u00e0 nos services. Votre d\u00e9cision de r\u00e9server avec nous signifie beaucoup, et nous nous engageons \u00e0 faire en sorte que votre exp\u00e9rience avec nous d\u00e9passe vos attentes. Si vous avez des questions ou des\" \/>\n\t\t<meta property=\"og:url\" content=\"https:\/\/sail-ingreece.com\/fr\/thank-you\/\" \/>\n\t\t<meta property=\"og:image\" content=\"https:\/\/sail-ingreece.com\/wp-content\/uploads\/2025\/03\/DJI_0776-scaled.jpg\" \/>\n\t\t<meta property=\"og:image:secure_url\" content=\"https:\/\/sail-ingreece.com\/wp-content\/uploads\/2025\/03\/DJI_0776-scaled.jpg\" \/>\n\t\t<meta property=\"article:published_time\" content=\"2024-03-08T13:45:12+00:00\" \/>\n\t\t<meta property=\"article:modified_time\" content=\"2026-03-28T19:58:56+00:00\" \/>\n\t\t<meta property=\"article:publisher\" content=\"https:\/\/www.facebook.com\/SailinGreeceadventures\/\" \/>\n\t\t<meta name=\"twitter:card\" content=\"summary_large_image\" \/>\n\t\t<meta name=\"twitter:site\" content=\"@i\" \/>\n\t\t<meta name=\"twitter:title\" content=\"Merci de votre attention | Sail in Greece\u2122\" \/>\n\t\t<meta name=\"twitter:description\" content=\"Merci pour votre r\u00e9servation Merci de nous avoir choisis pour votre r\u00e9servation ! Nous appr\u00e9cions vraiment la confiance que vous accordez \u00e0 nos services. Votre d\u00e9cision de r\u00e9server avec nous signifie beaucoup, et nous nous engageons \u00e0 faire en sorte que votre exp\u00e9rience avec nous d\u00e9passe vos attentes. Si vous avez des questions ou des\" \/>\n\t\t<meta name=\"twitter:creator\" content=\"@i\" \/>\n\t\t<meta name=\"twitter:image\" content=\"https:\/\/sail-ingreece.com\/wp-content\/uploads\/2023\/11\/white.png\" \/>\n\t\t<script type=\"application\/ld+json\" class=\"aioseo-schema\">\n\t\t\t{\"@context\":\"https:\\\/\\\/schema.org\",\"@graph\":[{\"@type\":\"BreadcrumbList\",\"@id\":\"https:\\\/\\\/sail-ingreece.com\\\/fr\\\/thank-you\\\/#breadcrumblist\",\"itemListElement\":[{\"@type\":\"ListItem\",\"@id\":\"https:\\\/\\\/sail-ingreece.com\\\/fr\\\/#listItem\",\"position\":1,\"name\":\"Home\",\"item\":\"https:\\\/\\\/sail-ingreece.com\\\/fr\\\/\",\"nextItem\":{\"@type\":\"ListItem\",\"@id\":\"https:\\\/\\\/sail-ingreece.com\\\/fr\\\/thank-you\\\/#listItem\",\"name\":\"Merci de votre attention\"}},{\"@type\":\"ListItem\",\"@id\":\"https:\\\/\\\/sail-ingreece.com\\\/fr\\\/thank-you\\\/#listItem\",\"position\":2,\"name\":\"Merci de votre attention\",\"previousItem\":{\"@type\":\"ListItem\",\"@id\":\"https:\\\/\\\/sail-ingreece.com\\\/fr\\\/#listItem\",\"name\":\"Home\"}}]},{\"@type\":\"Organization\",\"@id\":\"https:\\\/\\\/sail-ingreece.com\\\/fr\\\/#organization\",\"name\":\"Sail in Greece\\u2122\",\"description\":\"Greek Cruises & Sailing Holidays 2025\",\"url\":\"https:\\\/\\\/sail-ingreece.com\\\/fr\\\/\",\"telephone\":\"+442032399253\",\"logo\":{\"@type\":\"ImageObject\",\"url\":\"https:\\\/\\\/sail-ingreece.com\\\/wp-content\\\/uploads\\\/2023\\\/11\\\/white.png\",\"@id\":\"https:\\\/\\\/sail-ingreece.com\\\/fr\\\/thank-you\\\/#organizationLogo\",\"width\":300,\"height\":95},\"image\":{\"@id\":\"https:\\\/\\\/sail-ingreece.com\\\/fr\\\/thank-you\\\/#organizationLogo\"},\"sameAs\":[\"https:\\\/\\\/www.facebook.com\\\/SailinGreeceadventures\\\/\",\"https:\\\/\\\/twitter.com\\\/i\\\/flow\\\/login?redirect_after_login=Sail_inGreece\",\"https:\\\/\\\/www.instagram.com\\\/sail_ingreece\\\/\",\"https:\\\/\\\/www.youtube.com\\\/channel\\\/UCHxbXUdfpDdapnEEdyCVTyA\"]},{\"@type\":\"WebPage\",\"@id\":\"https:\\\/\\\/sail-ingreece.com\\\/fr\\\/thank-you\\\/#webpage\",\"url\":\"https:\\\/\\\/sail-ingreece.com\\\/fr\\\/thank-you\\\/\",\"name\":\"Merci de votre attention | Sail in Greece\\u2122\",\"description\":\"Merci pour votre r\\u00e9servation Merci de nous avoir choisis pour votre r\\u00e9servation ! Nous appr\\u00e9cions vraiment la confiance que vous accordez \\u00e0 nos services. Votre d\\u00e9cision de r\\u00e9server avec nous signifie beaucoup, et nous nous engageons \\u00e0 faire en sorte que votre exp\\u00e9rience avec nous d\\u00e9passe vos attentes. Si vous avez des questions ou des\",\"inLanguage\":\"fr-FR\",\"isPartOf\":{\"@id\":\"https:\\\/\\\/sail-ingreece.com\\\/fr\\\/#website\"},\"breadcrumb\":{\"@id\":\"https:\\\/\\\/sail-ingreece.com\\\/fr\\\/thank-you\\\/#breadcrumblist\"},\"datePublished\":\"2024-03-08T15:45:12+02:00\",\"dateModified\":\"2026-03-28T21:58:56+02:00\"},{\"@type\":\"WebSite\",\"@id\":\"https:\\\/\\\/sail-ingreece.com\\\/fr\\\/#website\",\"url\":\"https:\\\/\\\/sail-ingreece.com\\\/fr\\\/\",\"name\":\"Sail in Greece\\u2122\",\"description\":\"Greek Cruises & Sailing Holidays 2025\",\"inLanguage\":\"fr-FR\",\"publisher\":{\"@id\":\"https:\\\/\\\/sail-ingreece.com\\\/fr\\\/#organization\"}}]}\n\t\t<\/script>\n\t\t<!-- All in One SEO Pro -->\r\n\t\t<title>Merci de votre attention | Sail in Greece\u2122<\/title>\n\n","aioseo_head_json":{"title":"Merci de votre attention | Sail in Greece\u2122","description":"Merci pour votre r\u00e9servation Merci de nous avoir choisis pour votre r\u00e9servation ! Nous appr\u00e9cions vraiment la confiance que vous accordez \u00e0 nos services. Votre d\u00e9cision de r\u00e9server avec nous signifie beaucoup, et nous nous engageons \u00e0 faire en sorte que votre exp\u00e9rience avec nous d\u00e9passe vos attentes. Si vous avez des questions ou des","canonical_url":"https:\/\/sail-ingreece.com\/fr\/thank-you\/","robots":"max-image-preview:large","keywords":"","webmasterTools":{"google-site-verification":"sy88jQLx-_fjDSrygY17DEdpgCjlcvhs9iPMwhgJlh8","miscellaneous":""},"schema":{"@context":"https:\/\/schema.org","@graph":[{"@type":"BreadcrumbList","@id":"https:\/\/sail-ingreece.com\/fr\/thank-you\/#breadcrumblist","itemListElement":[{"@type":"ListItem","@id":"https:\/\/sail-ingreece.com\/fr\/#listItem","position":1,"name":"Home","item":"https:\/\/sail-ingreece.com\/fr\/","nextItem":{"@type":"ListItem","@id":"https:\/\/sail-ingreece.com\/fr\/thank-you\/#listItem","name":"Merci de votre attention"}},{"@type":"ListItem","@id":"https:\/\/sail-ingreece.com\/fr\/thank-you\/#listItem","position":2,"name":"Merci de votre attention","previousItem":{"@type":"ListItem","@id":"https:\/\/sail-ingreece.com\/fr\/#listItem","name":"Home"}}]},{"@type":"Organization","@id":"https:\/\/sail-ingreece.com\/fr\/#organization","name":"Sail in Greece\u2122","description":"Greek Cruises & Sailing Holidays 2025","url":"https:\/\/sail-ingreece.com\/fr\/","telephone":"+442032399253","logo":{"@type":"ImageObject","url":"https:\/\/sail-ingreece.com\/wp-content\/uploads\/2023\/11\/white.png","@id":"https:\/\/sail-ingreece.com\/fr\/thank-you\/#organizationLogo","width":300,"height":95},"image":{"@id":"https:\/\/sail-ingreece.com\/fr\/thank-you\/#organizationLogo"},"sameAs":["https:\/\/www.facebook.com\/SailinGreeceadventures\/","https:\/\/twitter.com\/i\/flow\/login?redirect_after_login=Sail_inGreece","https:\/\/www.instagram.com\/sail_ingreece\/","https:\/\/www.youtube.com\/channel\/UCHxbXUdfpDdapnEEdyCVTyA"]},{"@type":"WebPage","@id":"https:\/\/sail-ingreece.com\/fr\/thank-you\/#webpage","url":"https:\/\/sail-ingreece.com\/fr\/thank-you\/","name":"Merci de votre attention | Sail in Greece\u2122","description":"Merci pour votre r\u00e9servation Merci de nous avoir choisis pour votre r\u00e9servation ! Nous appr\u00e9cions vraiment la confiance que vous accordez \u00e0 nos services. Votre d\u00e9cision de r\u00e9server avec nous signifie beaucoup, et nous nous engageons \u00e0 faire en sorte que votre exp\u00e9rience avec nous d\u00e9passe vos attentes. Si vous avez des questions ou des","inLanguage":"fr-FR","isPartOf":{"@id":"https:\/\/sail-ingreece.com\/fr\/#website"},"breadcrumb":{"@id":"https:\/\/sail-ingreece.com\/fr\/thank-you\/#breadcrumblist"},"datePublished":"2024-03-08T15:45:12+02:00","dateModified":"2026-03-28T21:58:56+02:00"},{"@type":"WebSite","@id":"https:\/\/sail-ingreece.com\/fr\/#website","url":"https:\/\/sail-ingreece.com\/fr\/","name":"Sail in Greece\u2122","description":"Greek Cruises & Sailing Holidays 2025","inLanguage":"fr-FR","publisher":{"@id":"https:\/\/sail-ingreece.com\/fr\/#organization"}}]},"og:locale":"fr_FR","og:site_name":"Sail in Greece\u2122 | Greek Cruises &amp; Sailing Holidays 2025","og:type":"article","og:title":"Merci de votre attention | Sail in Greece\u2122","og:description":"Merci pour votre r\u00e9servation Merci de nous avoir choisis pour votre r\u00e9servation ! Nous appr\u00e9cions vraiment la confiance que vous accordez \u00e0 nos services. Votre d\u00e9cision de r\u00e9server avec nous signifie beaucoup, et nous nous engageons \u00e0 faire en sorte que votre exp\u00e9rience avec nous d\u00e9passe vos attentes. Si vous avez des questions ou des","og:url":"https:\/\/sail-ingreece.com\/fr\/thank-you\/","og:image":"https:\/\/sail-ingreece.com\/wp-content\/uploads\/2025\/03\/DJI_0776-scaled.jpg","og:image:secure_url":"https:\/\/sail-ingreece.com\/wp-content\/uploads\/2025\/03\/DJI_0776-scaled.jpg","article:published_time":"2024-03-08T13:45:12+00:00","article:modified_time":"2026-03-28T19:58:56+00:00","article:publisher":"https:\/\/www.facebook.com\/SailinGreeceadventures\/","twitter:card":"summary_large_image","twitter:site":"@i","twitter:title":"Merci de votre attention | Sail in Greece\u2122","twitter:description":"Merci pour votre r\u00e9servation Merci de nous avoir choisis pour votre r\u00e9servation ! Nous appr\u00e9cions vraiment la confiance que vous accordez \u00e0 nos services. Votre d\u00e9cision de r\u00e9server avec nous signifie beaucoup, et nous nous engageons \u00e0 faire en sorte que votre exp\u00e9rience avec nous d\u00e9passe vos attentes. Si vous avez des questions ou des","twitter:creator":"@i","twitter:image":"https:\/\/sail-ingreece.com\/wp-content\/uploads\/2023\/11\/white.png"},"aioseo_meta_data":{"post_id":"76914","title":null,"description":null,"keywords":null,"keyphrases":{"focus":{"keyphrase":"","score":0,"analysis":{"keyphraseInTitle":{"score":0,"maxScore":9,"error":1}}},"additional":[]},"primary_term":null,"canonical_url":null,"og_title":null,"og_description":null,"og_object_type":"default","og_image_type":"default","og_image_url":null,"og_image_width":null,"og_image_height":null,"og_image_custom_url":null,"og_image_custom_fields":null,"og_video":"","og_custom_url":null,"og_article_section":null,"og_article_tags":null,"twitter_use_og":false,"twitter_card":"default","twitter_image_type":"default","twitter_image_url":null,"twitter_image_custom_url":null,"twitter_image_custom_fields":null,"twitter_title":null,"twitter_description":null,"schema":{"blockGraphs":[],"customGraphs":[],"default":{"data":{"Article":[],"Course":[],"Dataset":[],"FAQPage":[],"Movie":[],"Person":[],"Product":[],"ProductReview":[],"Car":[],"Recipe":[],"Service":[],"SoftwareApplication":[],"WebPage":[]},"graphName":"WebPage","isEnabled":true},"graphs":[]},"schema_type":"default","schema_type_options":null,"pillar_content":false,"robots_default":true,"robots_noindex":false,"robots_noarchive":false,"robots_nosnippet":false,"robots_nofollow":false,"robots_noimageindex":false,"robots_noodp":false,"robots_notranslate":false,"robots_max_snippet":"-1","robots_max_videopreview":"-1","robots_max_imagepreview":"large","priority":null,"frequency":"default","local_seo":null,"seo_analyzer_scan_date":"2026-03-28 20:03:47","breadcrumb_settings":null,"limit_modified_date":false,"ai":{"faqs":[],"keyPoints":[],"titles":[],"descriptions":[],"socialPosts":{"email":[],"linkedin":[],"twitter":[],"facebook":[],"instagram":[]}},"created":"2026-03-28 19:58:54","updated":"2026-03-28 20:03:47"},"aioseo_breadcrumb":"<div class=\"aioseo-breadcrumbs\"><span class=\"aioseo-breadcrumb\">\n\t<a href=\"https:\/\/sail-ingreece.com\/fr\/\" title=\"Home\">Home<\/a>\n<\/span><span class=\"aioseo-breadcrumb-separator\">\/<\/span><span class=\"aioseo-breadcrumb\">\n\tMerci de votre attention\n<\/span><\/div>","aioseo_breadcrumb_json":[{"label":"Home","link":"https:\/\/sail-ingreece.com\/fr\/"},{"label":"Merci de votre attention","link":"https:\/\/sail-ingreece.com\/fr\/thank-you\/"}],"_links":{"self":[{"href":"https:\/\/sail-ingreece.com\/fr\/wp-json\/wp\/v2\/pages\/76914","targetHints":{"allow":["GET"]}}],"collection":[{"href":"https:\/\/sail-ingreece.com\/fr\/wp-json\/wp\/v2\/pages"}],"about":[{"href":"https:\/\/sail-ingreece.com\/fr\/wp-json\/wp\/v2\/types\/page"}],"author":[{"embeddable":true,"href":"https:\/\/sail-ingreece.com\/fr\/wp-json\/wp\/v2\/users\/10"}],"replies":[{"embeddable":true,"href":"https:\/\/sail-ingreece.com\/fr\/wp-json\/wp\/v2\/comments?post=76914"}],"version-history":[{"count":1,"href":"https:\/\/sail-ingreece.com\/fr\/wp-json\/wp\/v2\/pages\/76914\/revisions"}],"predecessor-version":[{"id":76917,"href":"https:\/\/sail-ingreece.com\/fr\/wp-json\/wp\/v2\/pages\/76914\/revisions\/76917"}],"wp:attachment":[{"href":"https:\/\/sail-ingreece.com\/fr\/wp-json\/wp\/v2\/media?parent=76914"}],"curies":[{"name":"wp","href":"https:\/\/api.w.org\/{rel}","templated":true}]}}