{"id":34265,"date":"2020-11-18T09:59:41","date_gmt":"2020-11-18T07:59:41","guid":{"rendered":"https:\/\/sail-ingreece.com\/who-is-sail-in-greece\/"},"modified":"2025-10-29T15:54:53","modified_gmt":"2025-10-29T13:54:53","slug":"who-is-sail-in-greece","status":"publish","type":"page","link":"https:\/\/sail-ingreece.com\/es\/quien-es-sail-in-greece","title":{"rendered":"QUIEN ES SAIL IN GREECE"},"content":{"rendered":"\t\t<div data-elementor-type=\"wp-page\" data-elementor-id=\"34265\" class=\"elementor elementor-34265 elementor-34261\" data-elementor-post-type=\"page\">\n\t\t\t\t\t\t<section class=\"elementor-section elementor-top-section elementor-element elementor-element-557a956 elementor-section-full_width elementor-section-height-min-height elementor-section-items-stretch elementor-section-stretched elementor-section-height-default\" data-id=\"557a956\" data-element_type=\"section\" data-e-type=\"section\" data-settings=\"{&quot;background_background&quot;:&quot;classic&quot;,&quot;stretch_section&quot;:&quot;section-stretched&quot;}\">\n\t\t\t\t\t\t<div class=\"elementor-container elementor-column-gap-default\">\n\t\t\t\t\t<div class=\"elementor-column elementor-col-100 elementor-top-column elementor-element elementor-element-a8b7cf8\" data-id=\"a8b7cf8\" data-element_type=\"column\" data-e-type=\"column\">\n\t\t\t<div class=\"elementor-widget-wrap\">\n\t\t\t\t\t\t\t<\/div>\n\t\t<\/div>\n\t\t\t\t\t<\/div>\n\t\t<\/section>\n\t\t\t\t<section class=\"elementor-section elementor-top-section elementor-element elementor-element-f6d32e8 elementor-section-boxed elementor-section-height-default elementor-section-height-default\" data-id=\"f6d32e8\" data-element_type=\"section\" data-e-type=\"section\">\n\t\t\t\t\t\t<div class=\"elementor-container elementor-column-gap-default\">\n\t\t\t\t\t<div class=\"elementor-column elementor-col-100 elementor-top-column elementor-element elementor-element-4d4cbce\" data-id=\"4d4cbce\" data-element_type=\"column\" data-e-type=\"column\">\n\t\t\t<div class=\"elementor-widget-wrap elementor-element-populated\">\n\t\t\t\t\t\t<div class=\"elementor-element elementor-element-3c6dfb0 elementor-widget elementor-widget-text-editor\" data-id=\"3c6dfb0\" data-element_type=\"widget\" data-e-type=\"widget\" data-widget_type=\"text-editor.default\">\n\t\t\t\t<div class=\"elementor-widget-container\">\n\t\t\t\t\t\t\t\t\t<style>\n\/* ===== Sail in Greece \u2022 Nuestra Historia (scoped) ===== *\/\n:root {\n  --sig-navy: #16205b;\n  --sig-accent: #b2cfce;\n  --sig-text: #333;\n  --sig-bg: #fff;\n}\n\n\/* Scope everything to avoid leaking styles site-wide *\/\n.sig-story {\n  display: grid;\n  grid-template-columns: 1fr 80px 1.5fr; \/* image | accent | content *\/\n  min-height: min(100vh, 900px);\n  font-family: \"Helvetica Neue\", Arial, sans-serif;\n  background: var(--sig-bg);\n}\n\n\/* Left image panel *\/\n.sig-story__image {\n  position: relative;\n  min-height: 400px;\n  background: center center \/ cover no-repeat;\n  background-image: url('https:\/\/sail-ingreece.com\/wp-content\/uploads\/2025\/03\/aerial-shot-ocean-waves-hitting-small-sandy-island-scaled.jpg');\n}\n\n\/* Middle accent bar *\/\n.sig-story__accent {\n  background: var(--sig-accent);\n  width: 100%;\n}\n\n\/* Right content panel *\/\n.sig-story__content {\n  background: var(--sig-bg);\n  padding: clamp(32px, 6vw, 80px) clamp(20px, 4vw, 60px);\n  display: flex;\n  align-items: center;\n}\n\n.sig-story__inner {\n  max-width: 820px;\n  margin: 0;\n}\n\n.sig-story__title {\n  font-size: clamp(28px, 3.2vw, 42px);\n  font-weight: 800;\n  line-height: 1.15;\n  margin: 0 0 24px 0;\n  color: var(--sig-navy);\n}\n\n.sig-story__body {\n  font-size: clamp(15px, 1.1vw, 17px);\n  line-height: 1.8;\n  color: var(--sig-text);\n}\n\n.sig-story__body p {\n  margin: 0 0 18px 0;\n}\n\n.sig-story__highlight {\n  color: var(--sig-navy);\n  font-weight: 800;\n}\n\n\/* ===== Responsive ===== *\/\n@media (max-width: 1024px) {\n  .sig-story {\n    grid-template-columns: 1fr 56px 1.2fr;\n  }\n}\n\n@media (max-width: 768px) {\n  .sig-story {\n    grid-template-columns: 1fr;\n    min-height: unset;\n  }\n  .sig-story__image {\n    min-height: 260px;\n    order: 1;\n  }\n  .sig-story__accent {\n    display: none;\n  }\n  .sig-story__content {\n    order: 2;\n    padding: 28px 20px 40px;\n  }\n  .sig-story__title {\n    margin-bottom: 18px;\n  }\n  .sig-story__body {\n    line-height: 1.65;\n  }\n}\n\n\/* Small phones *\/\n@media (max-width: 480px) {\n  .sig-story__content {\n    padding: 24px 16px 32px;\n  }\n  .sig-story__title {\n    font-size: 24px;\n  }\n  .sig-story__body {\n    font-size: 14px;\n  }\n}\n\n\/* Reduced motion *\/\n@media (prefers-reduced-motion: no-preference) {\n  .sig-story__image { transition: transform 500ms ease; }\n  .sig-story__image:hover { transform: scale(1.015); }\n}\n<\/style>\n\n<section class=\"sig-story\" aria-labelledby=\"sig-story-title\">\n  <div class=\"sig-story__image\" role=\"img\" aria-label=\"Vista a\u00e9rea de olas golpeando una peque\u00f1a isla de arena\"><\/div>\n  <div class=\"sig-story__accent\" aria-hidden=\"true\"><\/div>\n\n  <div class=\"sig-story__content\">\n    <div class=\"sig-story__inner\">\n      <h2 id=\"sig-story-title\" class=\"sig-story__title\">Nuestra Historia<\/h2>\n\n      <div class=\"sig-story__body\">\n        <p><strong>Sail in Greece \u2013 El principal operador de goletas de Grecia<\/strong><\/p>\n\n        <p>Sail in Greece posee y opera con orgullo la mayor flota de goletas tradicionales de madera del pa\u00eds. Con una flota privada de 9 goletas, estamos especializados tanto en ch\u00e1rteres privados como en cruceros programados, con salidas desde algunos de los destinos m\u00e1s emblem\u00e1ticos de Grecia \u2014 entre ellos Corf\u00fa, Zante, Atenas y Mykonos.<\/p>\n\n        <p>Descubre nuestros cruceros programados con salidas garantizadas o explora nuestra flota de goletas disponible para alquiler privado desde cualquier puerto de Grecia.<\/p>\n\n        <p>Desde nuestros humildes comienzos en 2015, cuando introdujimos peque\u00f1os ch\u00e1rteres en goleta orientados a viajeros j\u00f3venes y aventureros, hemos crecido hasta convertirnos en un operador de confianza con una infraestructura s\u00f3lida. Somos lo suficientemente grandes para ofrecer profesionalidad, seguridad financiera y fiabilidad operativa, y a la vez lo bastante cercanos para garantizar un servicio personalizado y atenci\u00f3n a cada necesidad de nuestros hu\u00e9spedes.<\/p>\n\n        <p>En Sail in Greece estamos comprometidos con un turismo responsable. Todos nuestros barcos son de propiedad y gesti\u00f3n local, con tripulaciones que aportan hospitalidad aut\u00e9ntica y conocimiento del destino en cada viaje. Al reinvertir en las comunidades locales, buscamos preservar la integridad cultural y ambiental de los lugares que visitamos.<\/p>\n\n        <p>Nuestro equipo \u2014formado por profesionales apasionados del viaje, expertos en reservas y personal local en tierra\u2014 comparte un profundo amor por la exploraci\u00f3n. Para nosotros, viajar no es solo una profesi\u00f3n; es una forma de vida. D\u00e9janos la planificaci\u00f3n mientras disfrutas de una aventura inolvidable en el mar.<\/p>\n\n        <p class=\"sig-story__highlight\">Estamos deseando darte la bienvenida a bordo&#8230;<\/p>\n      <\/div>\n    <\/div>\n  <\/div>\n<\/section>\n\t\t\t\t\t\t\t\t<\/div>\n\t\t\t\t<\/div>\n\t\t\t\t\t<\/div>\n\t\t<\/div>\n\t\t\t\t\t<\/div>\n\t\t<\/section>\n\t\t\t\t<section class=\"elementor-section elementor-top-section elementor-element elementor-element-86b3539 elementor-section-boxed elementor-section-height-default elementor-section-height-default\" data-id=\"86b3539\" data-element_type=\"section\" data-e-type=\"section\">\n\t\t\t\t\t\t<div class=\"elementor-container elementor-column-gap-default\">\n\t\t\t\t\t<div class=\"elementor-column elementor-col-100 elementor-top-column elementor-element elementor-element-ffed199\" data-id=\"ffed199\" data-element_type=\"column\" data-e-type=\"column\">\n\t\t\t<div class=\"elementor-widget-wrap elementor-element-populated\">\n\t\t\t\t\t\t<div class=\"elementor-element elementor-element-f887650 elementor-widget elementor-widget-text-editor\" data-id=\"f887650\" data-element_type=\"widget\" data-e-type=\"widget\" data-widget_type=\"text-editor.default\">\n\t\t\t\t<div class=\"elementor-widget-container\">\n\t\t\t\t\t\t\t\t\t<style>\n  .doing-wrap {\n    background-color: #f7f9fc;\n    padding: 60px 20px;\n    text-align: center;\n    color: #16205b;\n    animation: fadeIn 1.2s ease-out;\n  }\n\n  .doing-wrap h2 {\n    font-size: 32px;\n    margin-bottom: 10px;\n    font-weight: 700;\n  }\n\n  .doing-wrap p {\n    font-size: 14px;\n    color: #555;\n    margin-bottom: 40px;\n  }\n\n  .doing-grid {\n    display: grid;\n    grid-template-columns: repeat(auto-fit, minmax(240px, 1fr));\n    gap: 40px;\n    max-width: 1000px;\n    margin: auto;\n  }\n\n  .doing-box {\n    background: white;\n    border-radius: 10px;\n    padding: 25px;\n    box-shadow: 0 6px 16px rgba(0, 0, 0, 0.05);\n    transition: transform 0.3s ease;\n  }\n\n  .doing-box:hover {\n    transform: translateY(-5px);\n  }\n\n  .doing-icon {\n    background-color: #16205b;\n    color: white;\n    font-size: 22px;\n    width: 50px;\n    height: 50px;\n    margin: auto auto 15px;\n    display: flex;\n    align-items: center;\n    justify-content: center;\n    border-radius: 50%;\n  }\n\n  .doing-title {\n    font-weight: bold;\n    margin-bottom: 10px;\n  }\n\n  @keyframes fadeIn {\n    from { opacity: 0; transform: translateY(20px); }\n    to { opacity: 1; transform: translateY(0); }\n  }\n<\/style>\n\n<div class=\"doing-wrap\">\n  <h2>Nuestra Promesa<\/h2>\n  <p>Descubre los valores y compromisos de servicio que hacen que cada experiencia con nosotros sea \u00fanica.<\/p>\n\n  <div class=\"doing-grid\">\n    <div class=\"doing-box\">\n      <div class=\"doing-icon\">\ud83c\udf0d<\/div>\n      <div class=\"doing-title\">1. Crea recuerdos inolvidables<\/div>\n      <div>Vive Grecia no como un turista, sino como un local. Sum\u00e9rgete en la cultura aut\u00e9ntica, explora joyas ocultas y crea historias que duren toda la vida.<\/div>\n    <\/div>\n\n    <div class=\"doing-box\">\n      <div class=\"doing-icon\">\ud83d\udcde<\/div>\n      <div class=\"doing-title\">2. Atenci\u00f3n al cliente excepcional<\/div>\n      <div>Nuestro equipo de especialistas en viajes est\u00e1 disponible las 24 horas para ayudarte con cualquier duda o necesidad de planificaci\u00f3n.<\/div>\n    <\/div>\n\n    <div class=\"doing-box\">\n      <div class=\"doing-icon\">\ud83d\udd12<\/div>\n      <div class=\"doing-title\">3. Reserva transparente y segura<\/div>\n      <div>Nuestro proceso de reserva cumple con los m\u00e1s altos est\u00e1ndares de seguridad para proteger tus datos personales y de pago.<\/div>\n    <\/div>\n\n    <div class=\"doing-box\">\n      <div class=\"doing-icon\">\ud83e\udd1d<\/div>\n      <div class=\"doing-title\">4. Respeto por cada hu\u00e9sped<\/div>\n      <div>La hospitalidad es m\u00e1s que una sonrisa: es c\u00f3mo tratamos a cada hu\u00e9sped con amabilidad, paciencia e integridad.<\/div>\n    <\/div>\n\n    <div class=\"doing-box\">\n      <div class=\"doing-icon\">\u2705<\/div>\n      <div class=\"doing-title\">5. Calidad en la que puedes confiar<\/div>\n      <div>Estamos comprometidos a ofrecer servicios aut\u00e9nticos y de alta calidad sin atajos ni trucos. La honestidad, la profesionalidad y la coherencia gu\u00edan todo lo que hacemos, desde nuestra tripulaci\u00f3n hasta tu camarote.<\/div>\n    <\/div>\n\n    <div class=\"doing-box\">\n      <div class=\"doing-icon\">\ud83c\udf1f<\/div>\n      <div class=\"doing-title\">6. Satisfacci\u00f3n para cada viajero<\/div>\n      <div>Cada viajero es \u00fanico, y eso nos encanta. Ya sea que busques aventura, relajaci\u00f3n, inmersi\u00f3n cultural o conexi\u00f3n, estamos aqu\u00ed para hacer que tu experiencia sea verdaderamente tuya.<\/div>\n    <\/div>\n  <\/div>\n<\/div>\n\t\t\t\t\t\t\t\t<\/div>\n\t\t\t\t<\/div>\n\t\t\t\t\t<\/div>\n\t\t<\/div>\n\t\t\t\t\t<\/div>\n\t\t<\/section>\n\t\t\t\t<\/div>\n\t\t","protected":false},"excerpt":{"rendered":"<p>Nuestra Historia Sail in Greece \u2013 El principal operador de goletas de Grecia Sail in Greece posee y opera con orgullo la mayor flota de goletas tradicionales de madera del pa\u00eds. Con una flota privada de 9 goletas, estamos especializados tanto en ch\u00e1rteres privados como en cruceros programados, con salidas desde algunos de los destinos [&hellip;]<\/p>\n","protected":false},"author":10,"featured_media":0,"parent":0,"menu_order":0,"comment_status":"closed","ping_status":"closed","template":"","meta":{"_acf_changed":false,"inline_featured_image":false,"footnotes":""},"class_list":["post-34265","page","type-page","status-publish","hentry"],"acf":[],"aioseo_notices":[],"aioseo_head":"\n\t\t<!-- All in One SEO Pro 4.9.6.2 - aioseo.com -->\n\t<meta name=\"description\" content=\"Nuestra Historia Sail in Greece \u2013 El principal operador de goletas de Grecia Sail in Greece posee y opera con orgullo la mayor flota de goletas tradicionales de madera del pa\u00eds. Con una flota privada de 9 goletas, estamos especializados tanto en ch\u00e1rteres privados como en cruceros programados, con salidas desde algunos de los destinos\" \/>\n\t<meta name=\"robots\" content=\"max-image-preview:large\" \/>\n\t<meta name=\"google-site-verification\" content=\"sy88jQLx-_fjDSrygY17DEdpgCjlcvhs9iPMwhgJlh8\" \/>\n\t<link rel=\"canonical\" href=\"https:\/\/sail-ingreece.com\/es\/quien-es-sail-in-greece\" \/>\n\t<meta name=\"generator\" content=\"All in One SEO Pro (AIOSEO) 4.9.6.2\" \/>\n\t\t<meta property=\"og:locale\" content=\"es_ES\" \/>\n\t\t<meta property=\"og:site_name\" content=\"Sail in Greece\u2122 | Greek Cruises &amp; Sailing Holidays 2025\" \/>\n\t\t<meta property=\"og:type\" content=\"article\" \/>\n\t\t<meta property=\"og:title\" content=\"QUIEN ES SAIL IN GREECE | Sail in Greece\u2122\" \/>\n\t\t<meta property=\"og:description\" content=\"Nuestra Historia Sail in Greece \u2013 El principal operador de goletas de Grecia Sail in Greece posee y opera con orgullo la mayor flota de goletas tradicionales de madera del pa\u00eds. Con una flota privada de 9 goletas, estamos especializados tanto en ch\u00e1rteres privados como en cruceros programados, con salidas desde algunos de los destinos\" \/>\n\t\t<meta property=\"og:url\" content=\"https:\/\/sail-ingreece.com\/es\/quien-es-sail-in-greece\" \/>\n\t\t<meta property=\"og:image\" content=\"https:\/\/sail-ingreece.com\/wp-content\/uploads\/2025\/03\/DJI_0776-scaled.jpg\" \/>\n\t\t<meta property=\"og:image:secure_url\" content=\"https:\/\/sail-ingreece.com\/wp-content\/uploads\/2025\/03\/DJI_0776-scaled.jpg\" \/>\n\t\t<meta property=\"article:published_time\" content=\"2020-11-18T07:59:41+00:00\" \/>\n\t\t<meta property=\"article:modified_time\" content=\"2025-10-29T13:54:53+00:00\" \/>\n\t\t<meta property=\"article:publisher\" content=\"https:\/\/www.facebook.com\/SailinGreeceadventures\/\" \/>\n\t\t<meta name=\"twitter:card\" content=\"summary_large_image\" \/>\n\t\t<meta name=\"twitter:site\" content=\"@i\" \/>\n\t\t<meta name=\"twitter:title\" content=\"QUIEN ES SAIL IN GREECE | Sail in Greece\u2122\" \/>\n\t\t<meta name=\"twitter:description\" content=\"Nuestra Historia Sail in Greece \u2013 El principal operador de goletas de Grecia Sail in Greece posee y opera con orgullo la mayor flota de goletas tradicionales de madera del pa\u00eds. Con una flota privada de 9 goletas, estamos especializados tanto en ch\u00e1rteres privados como en cruceros programados, con salidas desde algunos de los destinos\" \/>\n\t\t<meta name=\"twitter:creator\" content=\"@i\" \/>\n\t\t<meta name=\"twitter:image\" content=\"https:\/\/sail-ingreece.com\/wp-content\/uploads\/2023\/11\/white.png\" \/>\n\t\t<script type=\"application\/ld+json\" class=\"aioseo-schema\">\n\t\t\t{\"@context\":\"https:\\\/\\\/schema.org\",\"@graph\":[{\"@type\":\"BreadcrumbList\",\"@id\":\"https:\\\/\\\/sail-ingreece.com\\\/es\\\/quien-es-sail-in-greece#breadcrumblist\",\"itemListElement\":[{\"@type\":\"ListItem\",\"@id\":\"https:\\\/\\\/sail-ingreece.com\\\/es\\\/#listItem\",\"position\":1,\"name\":\"Home\",\"item\":\"https:\\\/\\\/sail-ingreece.com\\\/es\\\/\",\"nextItem\":{\"@type\":\"ListItem\",\"@id\":\"https:\\\/\\\/sail-ingreece.com\\\/es\\\/quien-es-sail-in-greece#listItem\",\"name\":\"QUIEN ES SAIL IN GREECE\"}},{\"@type\":\"ListItem\",\"@id\":\"https:\\\/\\\/sail-ingreece.com\\\/es\\\/quien-es-sail-in-greece#listItem\",\"position\":2,\"name\":\"QUIEN ES SAIL IN GREECE\",\"previousItem\":{\"@type\":\"ListItem\",\"@id\":\"https:\\\/\\\/sail-ingreece.com\\\/es\\\/#listItem\",\"name\":\"Home\"}}]},{\"@type\":\"Organization\",\"@id\":\"https:\\\/\\\/sail-ingreece.com\\\/es\\\/#organization\",\"name\":\"Sail in Greece\\u2122\",\"description\":\"Greek Cruises & Sailing Holidays 2025\",\"url\":\"https:\\\/\\\/sail-ingreece.com\\\/es\\\/\",\"telephone\":\"+442032399253\",\"logo\":{\"@type\":\"ImageObject\",\"url\":\"https:\\\/\\\/sail-ingreece.com\\\/wp-content\\\/uploads\\\/2023\\\/11\\\/white.png\",\"@id\":\"https:\\\/\\\/sail-ingreece.com\\\/es\\\/quien-es-sail-in-greece\\\/#organizationLogo\",\"width\":300,\"height\":95},\"image\":{\"@id\":\"https:\\\/\\\/sail-ingreece.com\\\/es\\\/quien-es-sail-in-greece\\\/#organizationLogo\"},\"sameAs\":[\"https:\\\/\\\/www.facebook.com\\\/SailinGreeceadventures\\\/\",\"https:\\\/\\\/twitter.com\\\/i\\\/flow\\\/login?redirect_after_login=Sail_inGreece\",\"https:\\\/\\\/www.instagram.com\\\/sail_ingreece\\\/\",\"https:\\\/\\\/www.youtube.com\\\/channel\\\/UCHxbXUdfpDdapnEEdyCVTyA\"]},{\"@type\":\"WebPage\",\"@id\":\"https:\\\/\\\/sail-ingreece.com\\\/es\\\/quien-es-sail-in-greece#webpage\",\"url\":\"https:\\\/\\\/sail-ingreece.com\\\/es\\\/quien-es-sail-in-greece\",\"name\":\"QUIEN ES SAIL IN GREECE | Sail in Greece\\u2122\",\"description\":\"Nuestra Historia Sail in Greece \\u2013 El principal operador de goletas de Grecia Sail in Greece posee y opera con orgullo la mayor flota de goletas tradicionales de madera del pa\\u00eds. Con una flota privada de 9 goletas, estamos especializados tanto en ch\\u00e1rteres privados como en cruceros programados, con salidas desde algunos de los destinos\",\"inLanguage\":\"es-ES\",\"isPartOf\":{\"@id\":\"https:\\\/\\\/sail-ingreece.com\\\/es\\\/#website\"},\"breadcrumb\":{\"@id\":\"https:\\\/\\\/sail-ingreece.com\\\/es\\\/quien-es-sail-in-greece#breadcrumblist\"},\"datePublished\":\"2020-11-18T09:59:41+02:00\",\"dateModified\":\"2025-10-29T15:54:53+02:00\"},{\"@type\":\"WebSite\",\"@id\":\"https:\\\/\\\/sail-ingreece.com\\\/es\\\/#website\",\"url\":\"https:\\\/\\\/sail-ingreece.com\\\/es\\\/\",\"name\":\"Sail in Greece\\u2122\",\"description\":\"Greek Cruises & Sailing Holidays 2025\",\"inLanguage\":\"es-ES\",\"publisher\":{\"@id\":\"https:\\\/\\\/sail-ingreece.com\\\/es\\\/#organization\"}}]}\n\t\t<\/script>\n\t\t<!-- All in One SEO Pro -->\r\n\t\t<title>QUIEN ES SAIL IN GREECE | Sail in Greece\u2122<\/title>\n\n","aioseo_head_json":{"title":"QUIEN ES SAIL IN GREECE | Sail in Greece\u2122","description":"Nuestra Historia Sail in Greece \u2013 El principal operador de goletas de Grecia Sail in Greece posee y opera con orgullo la mayor flota de goletas tradicionales de madera del pa\u00eds. Con una flota privada de 9 goletas, estamos especializados tanto en ch\u00e1rteres privados como en cruceros programados, con salidas desde algunos de los destinos","canonical_url":"https:\/\/sail-ingreece.com\/es\/quien-es-sail-in-greece","robots":"max-image-preview:large","keywords":"","webmasterTools":{"google-site-verification":"sy88jQLx-_fjDSrygY17DEdpgCjlcvhs9iPMwhgJlh8","miscellaneous":""},"schema":{"@context":"https:\/\/schema.org","@graph":[{"@type":"BreadcrumbList","@id":"https:\/\/sail-ingreece.com\/es\/quien-es-sail-in-greece#breadcrumblist","itemListElement":[{"@type":"ListItem","@id":"https:\/\/sail-ingreece.com\/es\/#listItem","position":1,"name":"Home","item":"https:\/\/sail-ingreece.com\/es\/","nextItem":{"@type":"ListItem","@id":"https:\/\/sail-ingreece.com\/es\/quien-es-sail-in-greece#listItem","name":"QUIEN ES SAIL IN GREECE"}},{"@type":"ListItem","@id":"https:\/\/sail-ingreece.com\/es\/quien-es-sail-in-greece#listItem","position":2,"name":"QUIEN ES SAIL IN GREECE","previousItem":{"@type":"ListItem","@id":"https:\/\/sail-ingreece.com\/es\/#listItem","name":"Home"}}]},{"@type":"Organization","@id":"https:\/\/sail-ingreece.com\/es\/#organization","name":"Sail in Greece\u2122","description":"Greek Cruises & Sailing Holidays 2025","url":"https:\/\/sail-ingreece.com\/es\/","telephone":"+442032399253","logo":{"@type":"ImageObject","url":"https:\/\/sail-ingreece.com\/wp-content\/uploads\/2023\/11\/white.png","@id":"https:\/\/sail-ingreece.com\/es\/quien-es-sail-in-greece\/#organizationLogo","width":300,"height":95},"image":{"@id":"https:\/\/sail-ingreece.com\/es\/quien-es-sail-in-greece\/#organizationLogo"},"sameAs":["https:\/\/www.facebook.com\/SailinGreeceadventures\/","https:\/\/twitter.com\/i\/flow\/login?redirect_after_login=Sail_inGreece","https:\/\/www.instagram.com\/sail_ingreece\/","https:\/\/www.youtube.com\/channel\/UCHxbXUdfpDdapnEEdyCVTyA"]},{"@type":"WebPage","@id":"https:\/\/sail-ingreece.com\/es\/quien-es-sail-in-greece#webpage","url":"https:\/\/sail-ingreece.com\/es\/quien-es-sail-in-greece","name":"QUIEN ES SAIL IN GREECE | Sail in Greece\u2122","description":"Nuestra Historia Sail in Greece \u2013 El principal operador de goletas de Grecia Sail in Greece posee y opera con orgullo la mayor flota de goletas tradicionales de madera del pa\u00eds. Con una flota privada de 9 goletas, estamos especializados tanto en ch\u00e1rteres privados como en cruceros programados, con salidas desde algunos de los destinos","inLanguage":"es-ES","isPartOf":{"@id":"https:\/\/sail-ingreece.com\/es\/#website"},"breadcrumb":{"@id":"https:\/\/sail-ingreece.com\/es\/quien-es-sail-in-greece#breadcrumblist"},"datePublished":"2020-11-18T09:59:41+02:00","dateModified":"2025-10-29T15:54:53+02:00"},{"@type":"WebSite","@id":"https:\/\/sail-ingreece.com\/es\/#website","url":"https:\/\/sail-ingreece.com\/es\/","name":"Sail in Greece\u2122","description":"Greek Cruises & Sailing Holidays 2025","inLanguage":"es-ES","publisher":{"@id":"https:\/\/sail-ingreece.com\/es\/#organization"}}]},"og:locale":"es_ES","og:site_name":"Sail in Greece\u2122 | Greek Cruises &amp; Sailing Holidays 2025","og:type":"article","og:title":"QUIEN ES SAIL IN GREECE | Sail in Greece\u2122","og:description":"Nuestra Historia Sail in Greece \u2013 El principal operador de goletas de Grecia Sail in Greece posee y opera con orgullo la mayor flota de goletas tradicionales de madera del pa\u00eds. Con una flota privada de 9 goletas, estamos especializados tanto en ch\u00e1rteres privados como en cruceros programados, con salidas desde algunos de los destinos","og:url":"https:\/\/sail-ingreece.com\/es\/quien-es-sail-in-greece","og:image":"https:\/\/sail-ingreece.com\/wp-content\/uploads\/2025\/03\/DJI_0776-scaled.jpg","og:image:secure_url":"https:\/\/sail-ingreece.com\/wp-content\/uploads\/2025\/03\/DJI_0776-scaled.jpg","article:published_time":"2020-11-18T07:59:41+00:00","article:modified_time":"2025-10-29T13:54:53+00:00","article:publisher":"https:\/\/www.facebook.com\/SailinGreeceadventures\/","twitter:card":"summary_large_image","twitter:site":"@i","twitter:title":"QUIEN ES SAIL IN GREECE | Sail in Greece\u2122","twitter:description":"Nuestra Historia Sail in Greece \u2013 El principal operador de goletas de Grecia Sail in Greece posee y opera con orgullo la mayor flota de goletas tradicionales de madera del pa\u00eds. Con una flota privada de 9 goletas, estamos especializados tanto en ch\u00e1rteres privados como en cruceros programados, con salidas desde algunos de los destinos","twitter:creator":"@i","twitter:image":"https:\/\/sail-ingreece.com\/wp-content\/uploads\/2023\/11\/white.png"},"aioseo_meta_data":{"post_id":"34265","title":null,"description":null,"keywords":null,"keyphrases":{"focus":{"keyphrase":"","score":0,"analysis":{"keyphraseInTitle":{"score":0,"maxScore":9,"error":1}}},"additional":[]},"primary_term":null,"canonical_url":null,"og_title":null,"og_description":null,"og_object_type":"default","og_image_type":"default","og_image_url":null,"og_image_width":null,"og_image_height":null,"og_image_custom_url":null,"og_image_custom_fields":null,"og_video":"","og_custom_url":null,"og_article_section":null,"og_article_tags":null,"twitter_use_og":false,"twitter_card":"default","twitter_image_type":"default","twitter_image_url":null,"twitter_image_custom_url":null,"twitter_image_custom_fields":null,"twitter_title":null,"twitter_description":null,"schema":{"blockGraphs":[],"customGraphs":[],"default":{"data":{"Article":[],"Course":[],"Dataset":[],"FAQPage":[],"Movie":[],"Person":[],"Product":[],"ProductReview":[],"Car":[],"Recipe":[],"Service":[],"SoftwareApplication":[],"WebPage":[]},"graphName":"WebPage","isEnabled":true},"graphs":[]},"schema_type":"default","schema_type_options":null,"pillar_content":false,"robots_default":true,"robots_noindex":false,"robots_noarchive":false,"robots_nosnippet":false,"robots_nofollow":false,"robots_noimageindex":false,"robots_noodp":false,"robots_notranslate":false,"robots_max_snippet":"-1","robots_max_videopreview":"-1","robots_max_imagepreview":"large","priority":null,"frequency":"default","local_seo":null,"seo_analyzer_scan_date":"2025-10-29 14:39:08","breadcrumb_settings":null,"limit_modified_date":false,"ai":{"faqs":[],"keyPoints":[],"titles":[],"descriptions":[],"socialPosts":{"email":[],"linkedin":[],"twitter":[],"facebook":[],"instagram":[]}},"created":"2023-11-14 12:38:06","updated":"2025-10-29 14:39:08"},"aioseo_breadcrumb":"<div class=\"aioseo-breadcrumbs\"><span class=\"aioseo-breadcrumb\">\n\t<a href=\"https:\/\/sail-ingreece.com\/es\/\" title=\"Home\">Home<\/a>\n<\/span><span class=\"aioseo-breadcrumb-separator\">\/<\/span><span class=\"aioseo-breadcrumb\">\n\tQUIEN ES SAIL IN GREECE\n<\/span><\/div>","aioseo_breadcrumb_json":[{"label":"Home","link":"https:\/\/sail-ingreece.com\/es\/"},{"label":"QUIEN ES SAIL IN GREECE","link":"https:\/\/sail-ingreece.com\/es\/quien-es-sail-in-greece"}],"_links":{"self":[{"href":"https:\/\/sail-ingreece.com\/es\/wp-json\/wp\/v2\/pages\/34265","targetHints":{"allow":["GET"]}}],"collection":[{"href":"https:\/\/sail-ingreece.com\/es\/wp-json\/wp\/v2\/pages"}],"about":[{"href":"https:\/\/sail-ingreece.com\/es\/wp-json\/wp\/v2\/types\/page"}],"author":[{"embeddable":true,"href":"https:\/\/sail-ingreece.com\/es\/wp-json\/wp\/v2\/users\/10"}],"replies":[{"embeddable":true,"href":"https:\/\/sail-ingreece.com\/es\/wp-json\/wp\/v2\/comments?post=34265"}],"version-history":[{"count":0,"href":"https:\/\/sail-ingreece.com\/es\/wp-json\/wp\/v2\/pages\/34265\/revisions"}],"wp:attachment":[{"href":"https:\/\/sail-ingreece.com\/es\/wp-json\/wp\/v2\/media?parent=34265"}],"curies":[{"name":"wp","href":"https:\/\/api.w.org\/{rel}","templated":true}]}}