{"id":33176,"date":"2023-10-04T09:44:36","date_gmt":"2023-10-04T07:44:36","guid":{"rendered":"https:\/\/sail-ingreece.com\/special-offers\/"},"modified":"2026-03-18T08:31:15","modified_gmt":"2026-03-18T06:31:15","slug":"special-offers","status":"publish","type":"page","link":"https:\/\/sail-ingreece.com\/de\/special-offers","title":{"rendered":"Besondere Angebote"},"content":{"rendered":"\t\t<div data-elementor-type=\"wp-page\" data-elementor-id=\"33176\" class=\"elementor elementor-33176 elementor-33174\" data-elementor-post-type=\"page\">\n\t\t\t\t<div class=\"elementor-element elementor-element-28f2ed2 e-con-full elementor-hidden-tablet elementor-hidden-mobile e-flex e-con e-parent\" data-id=\"28f2ed2\" data-element_type=\"container\" data-e-type=\"container\" data-settings=\"{&quot;background_background&quot;:&quot;classic&quot;}\">\n\t\t\t\t<\/div>\n\t\t\t\t<section class=\"elementor-section elementor-top-section elementor-element elementor-element-f10c68a elementor-section-boxed elementor-section-height-default elementor-section-height-default\" data-id=\"f10c68a\" data-element_type=\"section\" data-e-type=\"section\">\n\t\t\t\t\t\t<div class=\"elementor-container elementor-column-gap-default\">\n\t\t\t\t\t<div class=\"elementor-column elementor-col-100 elementor-top-column elementor-element elementor-element-9dcb35c\" data-id=\"9dcb35c\" data-element_type=\"column\" data-e-type=\"column\">\n\t\t\t<div class=\"elementor-widget-wrap elementor-element-populated\">\n\t\t\t\t\t\t<div class=\"elementor-element elementor-element-6f772db elementor-widget elementor-widget-heading\" data-id=\"6f772db\" data-element_type=\"widget\" data-e-type=\"widget\" data-widget_type=\"heading.default\">\n\t\t\t\t<div class=\"elementor-widget-container\">\n\t\t\t\t\t<h2 class=\"elementor-heading-title elementor-size-default\">Besondere Angebote<\/h2>\t\t\t\t<\/div>\n\t\t\t\t<\/div>\n\t\t\t\t\t<\/div>\n\t\t<\/div>\n\t\t\t\t\t<\/div>\n\t\t<\/section>\n\t\t\t\t<section class=\"elementor-section elementor-top-section elementor-element elementor-element-5b72eb57 elementor-section-boxed elementor-section-height-default elementor-section-height-default\" data-id=\"5b72eb57\" data-element_type=\"section\" data-e-type=\"section\">\n\t\t\t\t\t\t<div class=\"elementor-container elementor-column-gap-default\">\n\t\t\t\t\t<div class=\"elementor-column elementor-col-33 elementor-top-column elementor-element elementor-element-2336126d\" data-id=\"2336126d\" data-element_type=\"column\" data-e-type=\"column\">\n\t\t\t<div class=\"elementor-widget-wrap elementor-element-populated\">\n\t\t\t\t\t\t<div class=\"elementor-element elementor-element-7b62e1e9 elementor-widget elementor-widget-image\" data-id=\"7b62e1e9\" data-element_type=\"widget\" data-e-type=\"widget\" data-widget_type=\"image.default\">\n\t\t\t\t<div class=\"elementor-widget-container\">\n\t\t\t\t\t\t\t\t\t\t\t\t\t\t\t<img fetchpriority=\"high\" decoding=\"async\" width=\"650\" height=\"1000\" src=\"https:\/\/sail-ingreece.com\/wp-content\/uploads\/2023\/10\/Discount-Promotions-Instagram-Post.jpg\" class=\"attachment-full size-full wp-image-76721\" alt=\"\" srcset=\"https:\/\/sail-ingreece.com\/wp-content\/uploads\/2023\/10\/Discount-Promotions-Instagram-Post.jpg 650w, https:\/\/sail-ingreece.com\/wp-content\/uploads\/2023\/10\/Discount-Promotions-Instagram-Post-195x300.jpg 195w\" sizes=\"(max-width: 650px) 100vw, 650px\" title=\"Rabatt-Aktionen Instagram-Post | Sail in Greece\u2122\" \/>\t\t\t\t\t\t\t\t\t\t\t\t\t\t\t<\/div>\n\t\t\t\t<\/div>\n\t\t\t\t<div class=\"elementor-element elementor-element-45632a80 elementor-absolute elementor-widget-divider--view-line elementor-widget elementor-widget-divider\" data-id=\"45632a80\" data-element_type=\"widget\" data-e-type=\"widget\" data-settings=\"{&quot;_position&quot;:&quot;absolute&quot;}\" data-widget_type=\"divider.default\">\n\t\t\t\t<div class=\"elementor-widget-container\">\n\t\t\t\t\t\t\t<div class=\"elementor-divider\">\n\t\t\t<span class=\"elementor-divider-separator\">\n\t\t\t\t\t\t<\/span>\n\t\t<\/div>\n\t\t\t\t\t\t<\/div>\n\t\t\t\t<\/div>\n\t\t\t\t<div class=\"elementor-element elementor-element-737dd2a elementor-absolute elementor-widget elementor-widget-image-box\" data-id=\"737dd2a\" data-element_type=\"widget\" data-e-type=\"widget\" data-settings=\"{&quot;_position&quot;:&quot;absolute&quot;}\" data-widget_type=\"image-box.default\">\n\t\t\t\t<div class=\"elementor-widget-container\">\n\t\t\t\t\t<div class=\"elementor-image-box-wrapper\"><div class=\"elementor-image-box-content\"><h3 class=\"elementor-image-box-title\">Fr\u00fchbucher -10%<\/h3><p class=\"elementor-image-box-description\">Haben Sie sich bereits f\u00fcr eine Buchung entschieden und denken, dass es zu fr\u00fch ist? Buchen Sie Ihren Platz vor Ende M\u00e4rz und profitieren Sie von unserem 10%igen Rabatt auf alle unsere Kreuzfahrten. Geben Sie bei der Buchung einfach den Promo-Code \"first-say\" in das Buchungsformular ein und der Rabatt wird automatisch gew\u00e4hrt.  <\/p><\/div><\/div>\t\t\t\t<\/div>\n\t\t\t\t<\/div>\n\t\t\t\t\t<\/div>\n\t\t<\/div>\n\t\t\t\t<div class=\"elementor-column elementor-col-33 elementor-top-column elementor-element elementor-element-7e7b073b\" data-id=\"7e7b073b\" data-element_type=\"column\" data-e-type=\"column\">\n\t\t\t<div class=\"elementor-widget-wrap elementor-element-populated\">\n\t\t\t\t\t\t<div class=\"elementor-element elementor-element-78aa6bbf elementor-widget elementor-widget-image\" data-id=\"78aa6bbf\" data-element_type=\"widget\" data-e-type=\"widget\" data-widget_type=\"image.default\">\n\t\t\t\t<div class=\"elementor-widget-container\">\n\t\t\t\t\t\t\t\t\t\t\t\t\t\t\t<img decoding=\"async\" width=\"600\" height=\"1000\" src=\"https:\/\/sail-ingreece.com\/wp-content\/uploads\/2023\/10\/Pink-Modern-Special-Student-Promotions-Instagram-Post.jpg\" class=\"attachment-large size-large wp-image-76722\" alt=\"\" srcset=\"https:\/\/sail-ingreece.com\/wp-content\/uploads\/2023\/10\/Pink-Modern-Special-Student-Promotions-Instagram-Post.jpg 600w, https:\/\/sail-ingreece.com\/wp-content\/uploads\/2023\/10\/Pink-Modern-Special-Student-Promotions-Instagram-Post-180x300.jpg 180w\" sizes=\"(max-width: 600px) 100vw, 600px\" title=\"Pink Modern Sonderangebote f\u00fcr Studenten Instagram Post | Sail in Greece\u2122\" \/>\t\t\t\t\t\t\t\t\t\t\t\t\t\t\t<\/div>\n\t\t\t\t<\/div>\n\t\t\t\t<div class=\"elementor-element elementor-element-24ad3a8f elementor-absolute elementor-widget-divider--view-line elementor-widget elementor-widget-divider\" data-id=\"24ad3a8f\" data-element_type=\"widget\" data-e-type=\"widget\" data-settings=\"{&quot;_position&quot;:&quot;absolute&quot;}\" data-widget_type=\"divider.default\">\n\t\t\t\t<div class=\"elementor-widget-container\">\n\t\t\t\t\t\t\t<div class=\"elementor-divider\">\n\t\t\t<span class=\"elementor-divider-separator\">\n\t\t\t\t\t\t<\/span>\n\t\t<\/div>\n\t\t\t\t\t\t<\/div>\n\t\t\t\t<\/div>\n\t\t\t\t<div class=\"elementor-element elementor-element-c70cba2 elementor-absolute elementor-widget elementor-widget-image-box\" data-id=\"c70cba2\" data-element_type=\"widget\" data-e-type=\"widget\" data-settings=\"{&quot;_position&quot;:&quot;absolute&quot;}\" data-widget_type=\"image-box.default\">\n\t\t\t\t<div class=\"elementor-widget-container\">\n\t\t\t\t\t<div class=\"elementor-image-box-wrapper\"><div class=\"elementor-image-box-content\"><h3 class=\"elementor-image-box-title\"><a href=\"http:\/\/sail-in-greece.studentbeans.com\/\">Studentenrabatt<\/a><\/h3><p class=\"elementor-image-box-description\">Profitieren Sie von unserem 10 % STUDENTENRABATT online bei Sail in Greece mit \n\n. Um 10% Studentenrabatt mit Ihrer Student Beans ID freizuschalten, klicken Sie hier<\/p><\/div><\/div>\t\t\t\t<\/div>\n\t\t\t\t<\/div>\n\t\t\t\t\t<\/div>\n\t\t<\/div>\n\t\t\t\t<div class=\"elementor-column elementor-col-33 elementor-top-column elementor-element elementor-element-3c7947e5\" data-id=\"3c7947e5\" data-element_type=\"column\" data-e-type=\"column\">\n\t\t\t<div class=\"elementor-widget-wrap elementor-element-populated\">\n\t\t\t\t\t\t<div class=\"elementor-element elementor-element-5d202cb5 elementor-widget elementor-widget-image\" data-id=\"5d202cb5\" data-element_type=\"widget\" data-e-type=\"widget\" data-widget_type=\"image.default\">\n\t\t\t\t<div class=\"elementor-widget-container\">\n\t\t\t\t\t\t\t\t\t\t\t\t\t\t\t<img decoding=\"async\" width=\"400\" height=\"500\" src=\"https:\/\/sail-ingreece.com\/wp-content\/uploads\/2023\/10\/Full-Photo-Minimalist-Quote-Nature-Tiktok-Video.jpg\" class=\"attachment-large size-large wp-image-76723\" alt=\"\" srcset=\"https:\/\/sail-ingreece.com\/wp-content\/uploads\/2023\/10\/Full-Photo-Minimalist-Quote-Nature-Tiktok-Video.jpg 400w, https:\/\/sail-ingreece.com\/wp-content\/uploads\/2023\/10\/Full-Photo-Minimalist-Quote-Nature-Tiktok-Video-240x300.jpg 240w\" sizes=\"(max-width: 400px) 100vw, 400px\" title=\"Vollst\u00e4ndiges Foto - Minimalistisch - Zitat Natur - Tiktok Video | Sail in Greece\u2122\" \/>\t\t\t\t\t\t\t\t\t\t\t\t\t\t\t<\/div>\n\t\t\t\t<\/div>\n\t\t\t\t<div class=\"elementor-element elementor-element-554520f3 elementor-absolute elementor-widget-divider--view-line elementor-widget elementor-widget-divider\" data-id=\"554520f3\" data-element_type=\"widget\" data-e-type=\"widget\" data-settings=\"{&quot;_position&quot;:&quot;absolute&quot;}\" data-widget_type=\"divider.default\">\n\t\t\t\t<div class=\"elementor-widget-container\">\n\t\t\t\t\t\t\t<div class=\"elementor-divider\">\n\t\t\t<span class=\"elementor-divider-separator\">\n\t\t\t\t\t\t<\/span>\n\t\t<\/div>\n\t\t\t\t\t\t<\/div>\n\t\t\t\t<\/div>\n\t\t\t\t<div class=\"elementor-element elementor-element-31cf2b34 elementor-absolute elementor-widget elementor-widget-image-box\" data-id=\"31cf2b34\" data-element_type=\"widget\" data-e-type=\"widget\" data-settings=\"{&quot;_position&quot;:&quot;absolute&quot;}\" data-widget_type=\"image-box.default\">\n\t\t\t\t<div class=\"elementor-widget-container\">\n\t\t\t\t\t<div class=\"elementor-image-box-wrapper\"><div class=\"elementor-image-box-content\"><h3 class=\"elementor-image-box-title\">Greifen und bezahlen<\/h3><p class=\"elementor-image-box-description\">Sind Sie sicher, dass Sie kommen werden, und m\u00f6chten Sie Ihr Budget f\u00fcr zus\u00e4tzliche Getr\u00e4nke schonen? Wir bieten unseren Mitreisenden, die 100% des Buchungsbetrags zum Zeitpunkt der Buchung bezahlen m\u00f6chten, einen Rabatt von 10% auf alle unsere Kreuzfahrten. <\/p><\/div><\/div>\t\t\t\t<\/div>\n\t\t\t\t<\/div>\n\t\t\t\t\t<\/div>\n\t\t<\/div>\n\t\t\t\t\t<\/div>\n\t\t<\/section>\n\t\t\t\t<section class=\"elementor-section elementor-top-section elementor-element elementor-element-d7f45c2 elementor-section-boxed elementor-section-height-default elementor-section-height-default\" data-id=\"d7f45c2\" data-element_type=\"section\" data-e-type=\"section\">\n\t\t\t\t\t\t<div class=\"elementor-container elementor-column-gap-default\">\n\t\t\t\t\t<div class=\"elementor-column elementor-col-100 elementor-top-column elementor-element elementor-element-201e310\" data-id=\"201e310\" data-element_type=\"column\" data-e-type=\"column\">\n\t\t\t<div class=\"elementor-widget-wrap elementor-element-populated\">\n\t\t\t\t\t\t<div class=\"elementor-element elementor-element-f7e3423 elementor-widget elementor-widget-text-editor\" data-id=\"f7e3423\" data-element_type=\"widget\" data-e-type=\"widget\" data-widget_type=\"text-editor.default\">\n\t\t\t\t<div class=\"elementor-widget-container\">\n\t\t\t\t\t\t\t\t\t<p>Bitte beachten Sie, dass die Preise f\u00fcr private Charterfl\u00fcge Richtwerte sind. F\u00fcr ein individuelles Angebot und genaue Preisangaben kontaktieren Sie uns bitte unter <strong><a href=\"mailto:info@sail-ingreece.com\">info@sail-ingreece.com<\/a><\/strong> oder <strong><a href=\"mailto:travel@sail-ingreece.com\">travel@sail-ingreece.com<\/a><\/strong>. <\/p>\t\t\t\t\t\t\t\t<\/div>\n\t\t\t\t<\/div>\n\t\t\t\t\t<\/div>\n\t\t<\/div>\n\t\t\t\t\t<\/div>\n\t\t<\/section>\n\t\t\t\t<\/div>\n\t\t","protected":false},"excerpt":{"rendered":"<p>Besondere Angebote Fr\u00fchbucher -10% Haben Sie sich bereits f\u00fcr eine Buchung entschieden und denken, dass es zu fr\u00fch ist? Buchen Sie Ihren Platz vor Ende M\u00e4rz und profitieren Sie von unserem 10%igen Rabatt auf alle unsere Kreuzfahrten. Geben Sie bei der Buchung einfach den Promo-Code &#8222;first-say&#8220; in das Buchungsformular ein und der Rabatt wird automatisch [&hellip;]<\/p>\n","protected":false},"author":10,"featured_media":0,"parent":0,"menu_order":0,"comment_status":"closed","ping_status":"closed","template":"","meta":{"_acf_changed":false,"inline_featured_image":false,"footnotes":""},"class_list":["post-33176","page","type-page","status-publish","hentry"],"acf":[],"aioseo_notices":[],"aioseo_head":"\n\t\t<!-- All in One SEO Pro 4.9.5.2 - aioseo.com -->\n\t<meta name=\"description\" content=\"Besondere Angebote Fr\u00fchbucher -10%Haben Sie sich bereits f\u00fcr eine Buchung entschieden und denken, dass es zu fr\u00fch ist? Buchen Sie Ihren Platz vor Ende M\u00e4rz und profitieren Sie von unserem 10%igen Rabatt auf alle unsere Kreuzfahrten. Geben Sie bei der Buchung einfach den Promo-Code &quot;first-say&quot; in das Buchungsformular ein und der Rabatt wird automatisch gew\u00e4hrt.\" \/>\n\t<meta name=\"robots\" content=\"max-image-preview:large\" \/>\n\t<meta name=\"google-site-verification\" content=\"sy88jQLx-_fjDSrygY17DEdpgCjlcvhs9iPMwhgJlh8\" \/>\n\t<link rel=\"canonical\" href=\"https:\/\/sail-ingreece.com\/de\/special-offers\" \/>\n\t<meta name=\"generator\" content=\"All in One SEO Pro (AIOSEO) 4.9.5.2\" \/>\n\t\t<meta property=\"og:locale\" content=\"de_DE\" \/>\n\t\t<meta property=\"og:site_name\" content=\"Sail in Greece\u2122 | Greek Cruises &amp; Sailing Holidays 2025\" \/>\n\t\t<meta property=\"og:type\" content=\"article\" \/>\n\t\t<meta property=\"og:title\" content=\"Besondere Angebote | Sail in Greece\u2122\" \/>\n\t\t<meta property=\"og:description\" content=\"Besondere Angebote Fr\u00fchbucher -10%Haben Sie sich bereits f\u00fcr eine Buchung entschieden und denken, dass es zu fr\u00fch ist? Buchen Sie Ihren Platz vor Ende M\u00e4rz und profitieren Sie von unserem 10%igen Rabatt auf alle unsere Kreuzfahrten. Geben Sie bei der Buchung einfach den Promo-Code &quot;first-say&quot; in das Buchungsformular ein und der Rabatt wird automatisch gew\u00e4hrt.\" \/>\n\t\t<meta property=\"og:url\" content=\"https:\/\/sail-ingreece.com\/de\/special-offers\" \/>\n\t\t<meta property=\"og:image\" content=\"https:\/\/sail-ingreece.com\/wp-content\/uploads\/2025\/03\/DJI_0776-scaled.jpg\" \/>\n\t\t<meta property=\"og:image:secure_url\" content=\"https:\/\/sail-ingreece.com\/wp-content\/uploads\/2025\/03\/DJI_0776-scaled.jpg\" \/>\n\t\t<meta property=\"article:published_time\" content=\"2023-10-04T07:44:36+00:00\" \/>\n\t\t<meta property=\"article:modified_time\" content=\"2026-03-18T06:31:15+00:00\" \/>\n\t\t<meta property=\"article:publisher\" content=\"https:\/\/www.facebook.com\/SailinGreeceadventures\/\" \/>\n\t\t<meta name=\"twitter:card\" content=\"summary_large_image\" \/>\n\t\t<meta name=\"twitter:site\" content=\"@i\" \/>\n\t\t<meta name=\"twitter:title\" content=\"Besondere Angebote | Sail in Greece\u2122\" \/>\n\t\t<meta name=\"twitter:description\" content=\"Besondere Angebote Fr\u00fchbucher -10%Haben Sie sich bereits f\u00fcr eine Buchung entschieden und denken, dass es zu fr\u00fch ist? Buchen Sie Ihren Platz vor Ende M\u00e4rz und profitieren Sie von unserem 10%igen Rabatt auf alle unsere Kreuzfahrten. Geben Sie bei der Buchung einfach den Promo-Code &quot;first-say&quot; in das Buchungsformular ein und der Rabatt wird automatisch gew\u00e4hrt.\" \/>\n\t\t<meta name=\"twitter:creator\" content=\"@i\" \/>\n\t\t<meta name=\"twitter:image\" content=\"https:\/\/sail-ingreece.com\/wp-content\/uploads\/2023\/11\/white.png\" \/>\n\t\t<script type=\"application\/ld+json\" class=\"aioseo-schema\">\n\t\t\t{\"@context\":\"https:\\\/\\\/schema.org\",\"@graph\":[{\"@type\":\"BreadcrumbList\",\"@id\":\"https:\\\/\\\/sail-ingreece.com\\\/de\\\/special-offers#breadcrumblist\",\"itemListElement\":[{\"@type\":\"ListItem\",\"@id\":\"https:\\\/\\\/sail-ingreece.com\\\/de\\\/#listItem\",\"position\":1,\"name\":\"Home\",\"item\":\"https:\\\/\\\/sail-ingreece.com\\\/de\\\/\",\"nextItem\":{\"@type\":\"ListItem\",\"@id\":\"https:\\\/\\\/sail-ingreece.com\\\/de\\\/special-offers#listItem\",\"name\":\"Besondere Angebote\"}},{\"@type\":\"ListItem\",\"@id\":\"https:\\\/\\\/sail-ingreece.com\\\/de\\\/special-offers#listItem\",\"position\":2,\"name\":\"Besondere Angebote\",\"previousItem\":{\"@type\":\"ListItem\",\"@id\":\"https:\\\/\\\/sail-ingreece.com\\\/de\\\/#listItem\",\"name\":\"Home\"}}]},{\"@type\":\"Organization\",\"@id\":\"https:\\\/\\\/sail-ingreece.com\\\/de\\\/#organization\",\"name\":\"Sail in Greece\\u2122\",\"description\":\"Greek Cruises & Sailing Holidays 2025\",\"url\":\"https:\\\/\\\/sail-ingreece.com\\\/de\\\/\",\"telephone\":\"+442032399253\",\"logo\":{\"@type\":\"ImageObject\",\"url\":\"https:\\\/\\\/sail-ingreece.com\\\/wp-content\\\/uploads\\\/2023\\\/11\\\/white.png\",\"@id\":\"https:\\\/\\\/sail-ingreece.com\\\/de\\\/special-offers\\\/#organizationLogo\",\"width\":300,\"height\":95},\"image\":{\"@id\":\"https:\\\/\\\/sail-ingreece.com\\\/de\\\/special-offers\\\/#organizationLogo\"},\"sameAs\":[\"https:\\\/\\\/www.facebook.com\\\/SailinGreeceadventures\\\/\",\"https:\\\/\\\/twitter.com\\\/i\\\/flow\\\/login?redirect_after_login=Sail_inGreece\",\"https:\\\/\\\/www.instagram.com\\\/sail_ingreece\\\/\",\"https:\\\/\\\/www.youtube.com\\\/channel\\\/UCHxbXUdfpDdapnEEdyCVTyA\"]},{\"@type\":\"WebPage\",\"@id\":\"https:\\\/\\\/sail-ingreece.com\\\/de\\\/special-offers#webpage\",\"url\":\"https:\\\/\\\/sail-ingreece.com\\\/de\\\/special-offers\",\"name\":\"Besondere Angebote | Sail in Greece\\u2122\",\"description\":\"Besondere Angebote Fr\\u00fchbucher -10%Haben Sie sich bereits f\\u00fcr eine Buchung entschieden und denken, dass es zu fr\\u00fch ist? Buchen Sie Ihren Platz vor Ende M\\u00e4rz und profitieren Sie von unserem 10%igen Rabatt auf alle unsere Kreuzfahrten. Geben Sie bei der Buchung einfach den Promo-Code \\\"first-say\\\" in das Buchungsformular ein und der Rabatt wird automatisch gew\\u00e4hrt.\",\"inLanguage\":\"de-DE\",\"isPartOf\":{\"@id\":\"https:\\\/\\\/sail-ingreece.com\\\/de\\\/#website\"},\"breadcrumb\":{\"@id\":\"https:\\\/\\\/sail-ingreece.com\\\/de\\\/special-offers#breadcrumblist\"},\"datePublished\":\"2023-10-04T09:44:36+02:00\",\"dateModified\":\"2026-03-18T08:31:15+02:00\"},{\"@type\":\"WebSite\",\"@id\":\"https:\\\/\\\/sail-ingreece.com\\\/de\\\/#website\",\"url\":\"https:\\\/\\\/sail-ingreece.com\\\/de\\\/\",\"name\":\"Sail in Greece\\u2122\",\"description\":\"Greek Cruises & Sailing Holidays 2025\",\"inLanguage\":\"de-DE\",\"publisher\":{\"@id\":\"https:\\\/\\\/sail-ingreece.com\\\/de\\\/#organization\"}}]}\n\t\t<\/script>\n\t\t<!-- All in One SEO Pro -->\r\n\t\t<title>Besondere Angebote | Sail in Greece\u2122<\/title>\n\n","aioseo_head_json":{"title":"Besondere Angebote | Sail in Greece\u2122","description":"Besondere Angebote Fr\u00fchbucher -10%Haben Sie sich bereits f\u00fcr eine Buchung entschieden und denken, dass es zu fr\u00fch ist? Buchen Sie Ihren Platz vor Ende M\u00e4rz und profitieren Sie von unserem 10%igen Rabatt auf alle unsere Kreuzfahrten. Geben Sie bei der Buchung einfach den Promo-Code \"first-say\" in das Buchungsformular ein und der Rabatt wird automatisch gew\u00e4hrt.","canonical_url":"https:\/\/sail-ingreece.com\/de\/special-offers","robots":"max-image-preview:large","keywords":"","webmasterTools":{"google-site-verification":"sy88jQLx-_fjDSrygY17DEdpgCjlcvhs9iPMwhgJlh8","miscellaneous":""},"schema":{"@context":"https:\/\/schema.org","@graph":[{"@type":"BreadcrumbList","@id":"https:\/\/sail-ingreece.com\/de\/special-offers#breadcrumblist","itemListElement":[{"@type":"ListItem","@id":"https:\/\/sail-ingreece.com\/de\/#listItem","position":1,"name":"Home","item":"https:\/\/sail-ingreece.com\/de\/","nextItem":{"@type":"ListItem","@id":"https:\/\/sail-ingreece.com\/de\/special-offers#listItem","name":"Besondere Angebote"}},{"@type":"ListItem","@id":"https:\/\/sail-ingreece.com\/de\/special-offers#listItem","position":2,"name":"Besondere Angebote","previousItem":{"@type":"ListItem","@id":"https:\/\/sail-ingreece.com\/de\/#listItem","name":"Home"}}]},{"@type":"Organization","@id":"https:\/\/sail-ingreece.com\/de\/#organization","name":"Sail in Greece\u2122","description":"Greek Cruises & Sailing Holidays 2025","url":"https:\/\/sail-ingreece.com\/de\/","telephone":"+442032399253","logo":{"@type":"ImageObject","url":"https:\/\/sail-ingreece.com\/wp-content\/uploads\/2023\/11\/white.png","@id":"https:\/\/sail-ingreece.com\/de\/special-offers\/#organizationLogo","width":300,"height":95},"image":{"@id":"https:\/\/sail-ingreece.com\/de\/special-offers\/#organizationLogo"},"sameAs":["https:\/\/www.facebook.com\/SailinGreeceadventures\/","https:\/\/twitter.com\/i\/flow\/login?redirect_after_login=Sail_inGreece","https:\/\/www.instagram.com\/sail_ingreece\/","https:\/\/www.youtube.com\/channel\/UCHxbXUdfpDdapnEEdyCVTyA"]},{"@type":"WebPage","@id":"https:\/\/sail-ingreece.com\/de\/special-offers#webpage","url":"https:\/\/sail-ingreece.com\/de\/special-offers","name":"Besondere Angebote | Sail in Greece\u2122","description":"Besondere Angebote Fr\u00fchbucher -10%Haben Sie sich bereits f\u00fcr eine Buchung entschieden und denken, dass es zu fr\u00fch ist? Buchen Sie Ihren Platz vor Ende M\u00e4rz und profitieren Sie von unserem 10%igen Rabatt auf alle unsere Kreuzfahrten. Geben Sie bei der Buchung einfach den Promo-Code \"first-say\" in das Buchungsformular ein und der Rabatt wird automatisch gew\u00e4hrt.","inLanguage":"de-DE","isPartOf":{"@id":"https:\/\/sail-ingreece.com\/de\/#website"},"breadcrumb":{"@id":"https:\/\/sail-ingreece.com\/de\/special-offers#breadcrumblist"},"datePublished":"2023-10-04T09:44:36+02:00","dateModified":"2026-03-18T08:31:15+02:00"},{"@type":"WebSite","@id":"https:\/\/sail-ingreece.com\/de\/#website","url":"https:\/\/sail-ingreece.com\/de\/","name":"Sail in Greece\u2122","description":"Greek Cruises & Sailing Holidays 2025","inLanguage":"de-DE","publisher":{"@id":"https:\/\/sail-ingreece.com\/de\/#organization"}}]},"og:locale":"de_DE","og:site_name":"Sail in Greece\u2122 | Greek Cruises &amp; Sailing Holidays 2025","og:type":"article","og:title":"Besondere Angebote | Sail in Greece\u2122","og:description":"Besondere Angebote Fr\u00fchbucher -10%Haben Sie sich bereits f\u00fcr eine Buchung entschieden und denken, dass es zu fr\u00fch ist? Buchen Sie Ihren Platz vor Ende M\u00e4rz und profitieren Sie von unserem 10%igen Rabatt auf alle unsere Kreuzfahrten. Geben Sie bei der Buchung einfach den Promo-Code &quot;first-say&quot; in das Buchungsformular ein und der Rabatt wird automatisch gew\u00e4hrt.","og:url":"https:\/\/sail-ingreece.com\/de\/special-offers","og:image":"https:\/\/sail-ingreece.com\/wp-content\/uploads\/2025\/03\/DJI_0776-scaled.jpg","og:image:secure_url":"https:\/\/sail-ingreece.com\/wp-content\/uploads\/2025\/03\/DJI_0776-scaled.jpg","article:published_time":"2023-10-04T07:44:36+00:00","article:modified_time":"2026-03-18T06:31:15+00:00","article:publisher":"https:\/\/www.facebook.com\/SailinGreeceadventures\/","twitter:card":"summary_large_image","twitter:site":"@i","twitter:title":"Besondere Angebote | Sail in Greece\u2122","twitter:description":"Besondere Angebote Fr\u00fchbucher -10%Haben Sie sich bereits f\u00fcr eine Buchung entschieden und denken, dass es zu fr\u00fch ist? Buchen Sie Ihren Platz vor Ende M\u00e4rz und profitieren Sie von unserem 10%igen Rabatt auf alle unsere Kreuzfahrten. Geben Sie bei der Buchung einfach den Promo-Code &quot;first-say&quot; in das Buchungsformular ein und der Rabatt wird automatisch gew\u00e4hrt.","twitter:creator":"@i","twitter:image":"https:\/\/sail-ingreece.com\/wp-content\/uploads\/2023\/11\/white.png"},"aioseo_meta_data":{"post_id":"33176","title":null,"description":null,"keywords":null,"keyphrases":{"focus":{"keyphrase":"","score":0,"analysis":{"keyphraseInTitle":{"score":0,"maxScore":9,"error":1}}},"additional":[]},"primary_term":null,"canonical_url":null,"og_title":null,"og_description":null,"og_object_type":"default","og_image_type":"default","og_image_url":null,"og_image_width":null,"og_image_height":null,"og_image_custom_url":null,"og_image_custom_fields":null,"og_video":"","og_custom_url":null,"og_article_section":null,"og_article_tags":null,"twitter_use_og":false,"twitter_card":"default","twitter_image_type":"default","twitter_image_url":null,"twitter_image_custom_url":null,"twitter_image_custom_fields":null,"twitter_title":null,"twitter_description":null,"schema":{"blockGraphs":[],"customGraphs":[],"default":{"data":{"Article":[],"Course":[],"Dataset":[],"FAQPage":[],"Movie":[],"Person":[],"Product":[],"ProductReview":[],"Car":[],"Recipe":[],"Service":[],"SoftwareApplication":[],"WebPage":[]},"graphName":"WebPage","isEnabled":true},"graphs":[]},"schema_type":"default","schema_type_options":null,"pillar_content":false,"robots_default":true,"robots_noindex":false,"robots_noarchive":false,"robots_nosnippet":false,"robots_nofollow":false,"robots_noimageindex":false,"robots_noodp":false,"robots_notranslate":false,"robots_max_snippet":"-1","robots_max_videopreview":"-1","robots_max_imagepreview":"large","priority":null,"frequency":"default","local_seo":null,"seo_analyzer_scan_date":"2025-10-20 15:07:45","breadcrumb_settings":null,"limit_modified_date":false,"ai":{"faqs":[],"keyPoints":[],"titles":[],"descriptions":[],"socialPosts":{"email":[],"linkedin":[],"twitter":[],"facebook":[],"instagram":[]}},"created":"2023-11-12 14:50:51","updated":"2026-03-18 06:33:21"},"aioseo_breadcrumb":"<div class=\"aioseo-breadcrumbs\"><span class=\"aioseo-breadcrumb\">\n\t<a href=\"https:\/\/sail-ingreece.com\/de\/\" title=\"Home\">Home<\/a>\n<\/span><span class=\"aioseo-breadcrumb-separator\">\/<\/span><span class=\"aioseo-breadcrumb\">\n\tBesondere Angebote\n<\/span><\/div>","aioseo_breadcrumb_json":[{"label":"Home","link":"https:\/\/sail-ingreece.com\/de\/"},{"label":"Besondere Angebote","link":"https:\/\/sail-ingreece.com\/de\/special-offers"}],"_links":{"self":[{"href":"https:\/\/sail-ingreece.com\/de\/wp-json\/wp\/v2\/pages\/33176","targetHints":{"allow":["GET"]}}],"collection":[{"href":"https:\/\/sail-ingreece.com\/de\/wp-json\/wp\/v2\/pages"}],"about":[{"href":"https:\/\/sail-ingreece.com\/de\/wp-json\/wp\/v2\/types\/page"}],"author":[{"embeddable":true,"href":"https:\/\/sail-ingreece.com\/de\/wp-json\/wp\/v2\/users\/10"}],"replies":[{"embeddable":true,"href":"https:\/\/sail-ingreece.com\/de\/wp-json\/wp\/v2\/comments?post=33176"}],"version-history":[{"count":4,"href":"https:\/\/sail-ingreece.com\/de\/wp-json\/wp\/v2\/pages\/33176\/revisions"}],"predecessor-version":[{"id":76727,"href":"https:\/\/sail-ingreece.com\/de\/wp-json\/wp\/v2\/pages\/33176\/revisions\/76727"}],"wp:attachment":[{"href":"https:\/\/sail-ingreece.com\/de\/wp-json\/wp\/v2\/media?parent=33176"}],"curies":[{"name":"wp","href":"https:\/\/api.w.org\/{rel}","templated":true}]}}